{"id":2329,"date":"2023-12-08T00:20:35","date_gmt":"2023-12-07T23:20:35","guid":{"rendered":"https:\/\/boards-beans.com\/registrieren\/"},"modified":"2023-12-15T13:42:52","modified_gmt":"2023-12-15T12:42:52","slug":"registrieren","status":"publish","type":"page","link":"https:\/\/boards-beans.com\/de\/registrieren\/","title":{"rendered":"Registrieren"},"content":{"rendered":"\t\t\t<h2 class=\"b2bking_b2bregistration_only_register_header\">\n\t\t\tRegistrieren<\/h2>\n\t\t\t<div class=\"woocommerce\">\n\t\t\t\t<form method=\"post\" class=\"woocommerce-form woocommerce-form-register register\" enctype=\"multipart\/form-data\" >\n\n\t\t\t\t\t\n\t\t\t\t\t\n\t\t\t\t\t<p class=\"woocommerce-form-row woocommerce-form-row--wide form-row form-row-wide\">\n\t\t\t\t\t\t<label for=\"reg_email\">E-Mail-Addresse&nbsp;<span class=\"required\">*<\/span><\/label>\n\t\t\t\t\t\t<input type=\"email\" class=\"woocommerce-Input woocommerce-Input--text input-text\" name=\"email\" id=\"reg_email\" autocomplete=\"email\" value=\"\" \/>\n\t\t\t\t\t<\/p>\n\n\t\t\t\t\t\n\t\t\t\t\t\t<p class=\"woocommerce-form-row woocommerce-form-row--wide form-row form-row-wide\">\n\t\t\t\t\t\t\t<label for=\"reg_password\">Passwort&nbsp;<span class=\"required\">*<\/span><\/label>\n\t\t\t\t\t\t\t<input type=\"password\" class=\"woocommerce-Input woocommerce-Input--text input-text\" name=\"password\" id=\"reg_password\" autocomplete=\"new-password\" \/>\n\t\t\t\t\t\t<\/p>\n\n\t\t\t\t\t\n\t\t\t\t\t\t\t\t\t\t\t<p class=\"woocommerce-form-row woocommerce-form-row--wide form-row form-row-wide b2bking_registration_roles_dropdown_section b2bking_registration_roles_dropdown_section_hidden\">\n\t\t\t\t\t\t\t\t\t\t\t\t\t\t<label for=\"b2bking_registration_roles_dropdown\">\n\t\t\t\t\t\t\t\tBenutzertyp&nbsp;<span class=\"required\">*<\/span>\n\t\t\t\t\t\t\t<\/label>\n\t\t\t\t\t\t\t<select id=\"b2bking_registration_roles_dropdown\" name=\"b2bking_registration_roles_dropdown\" required>\n\t\t\t\t\t\t\t\t<option value=\"role_1800\"  selected='selected'>B2B (requires approval)<\/option><option value=\"role_1799\" >Individual Customer<\/option>\t\t\t\t\t\t\t<\/select>\n\t\t\t\t\t\t<\/p>\n\t\t\t\t\t\t<div class=\" b2bking_custom_registration_container b2bking_custom_registration_container_field_2342 b2bking_custom_registration_role_1800\"><p class=\"woocommerce-form-row woocommerce-form-row--wide form-row form-row-wide \"><label for=\"b2bking_field_2342\">Vorname&nbsp;<span class=\"required\">*<\/span><\/label><input type=\"text\" id=\"b2bking_field_2342\" class=\"b2bking_custom_registration_field b2bking_custom_field_req_required\" name=\"b2bking_custom_field_2342\" value=\"\" placeholder=\"Geben Sie hier Ihren Vornamen ein ...\" required><\/p><\/div><div class=\" b2bking_custom_registration_container b2bking_custom_registration_container_field_1802 b2bking_custom_registration_role_1800\"><p class=\"woocommerce-form-row woocommerce-form-row--wide form-row form-row-wide \"><label for=\"b2bking_field_1802\">Nachname&nbsp;<span class=\"required\">*<\/span><\/label><input type=\"text\" id=\"b2bking_field_1802\" class=\"b2bking_custom_registration_field b2bking_custom_field_req_required\" name=\"b2bking_custom_field_1802\" value=\"\" placeholder=\"Geben Sie hier Ihren Nachnamen ein ...\" required><\/p><\/div><div class=\" b2bking_custom_registration_container b2bking_custom_registration_container_field_1803 b2bking_custom_registration_role_1800\"><p class=\"woocommerce-form-row woocommerce-form-row--wide form-row form-row-wide \"><label for=\"b2bking_field_1803\">Name der Firma&nbsp;<\/label><input type=\"text\" id=\"b2bking_field_1803\" class=\"b2bking_custom_registration_field b2bking_custom_field_req_\" name=\"b2bking_custom_field_1803\" value=\"\" placeholder=\"Geben Sie hier Ihren Firmennamen ein ...\" ><\/p><\/div><div class=\"b2bking_vat_number_registration_field_container b2bking_custom_registration_container b2bking_custom_registration_container_field_1810 b2bking_custom_registration_role_1800\"><p class=\"woocommerce-form-row woocommerce-form-row--wide form-row form-row-wide \"><label for=\"b2bking_vat_number_registration_field\">Umsatzsteuer-Id&nbsp;<\/label><input type=\"text\" id=\"b2bking_vat_number_registration_field\" class=\"b2bking_custom_registration_field b2bking_custom_field_req_\" name=\"b2bking_custom_field_1810\" value=\"\" placeholder=\"Geben Sie hier Ihre Umsatzsteuer-Id ein ...\" ><input type=\"hidden\" id=\"b2bking_vat_number_registration_field_countries\" value=\"AT,BE,BG,HR,CY,CZ,DK,EE,FI,FR,DE,GR,HU,IE,IT,LV,LT,LU,MT,NL,PL,PT,RO,SK,SI,ES,SE,AF,AX,AL,DZ,AS,AD,AO,AI,AQ,AG,AR,AM,AW,AU,AZ,BS,BH,BD,BB,PW,BZ,BJ,BM,BT,BI,BO,BQ,BA,BW,BV,BR,IO,BN,BF,KH,CA,CF,CL,CN,CX,CC,CO,KM,CG,CD,CK,CR,CU,CW,DJ,DM,DO,EC,EG,SV,GQ,ER,SZ,ET,FO,FK,FJ,PH,GF,PF,TF,GA,GM,GE,GH,GI,GD,GL,GP,GU,GT,GG,GN,GW,GY,HT,HM,HN,HK,IS,IN,ID,IQ,IR,IM,IL,CI,JM,JP,JE,JO,KY,CV,CM,QA,KZ,KE,KG,KI,KW,LA,LS,LB,LR,LY,LI,VG,VI,MO,MG,MW,MV,MY,ML,MA,MH,MQ,MR,MU,YT,MX,FM,MD,MC,MN,ME,MS,MZ,MM,NA,NR,NP,NI,NC,NZ,NE,NG,NU,MK,KP,MP,NO,NF,UG,UA,UZ,OM,TL,PK,PS,PA,PG,PY,PE,PN,PR,RE,RU,RW,KN,LC,VC,PM,SB,WS,SM,ST,SA,SN,RS,SC,SL,SG,SX,BL,SH,MF,SD,SO,SJ,LK,SR,SY,TJ,TW,TZ,TH,TG,TK,TO,TT,TD,TN,TR,TM,TC,TV,UY,VU,VA,VE,GB,AE,US,UM,VN,WF,EH,BY,YE,ZM,ZW,ZA,GS,KR,SS,CH\"><input type=\"hidden\" id=\"b2bking_vat_number_registration_field_number\" name=\"b2bking_vat_number_registration_field_number\" value=\"1810\"><\/p><\/div><div class=\" b2bking_custom_registration_container b2bking_custom_registration_container_field_1804 b2bking_custom_registration_role_1800\"><p class=\"woocommerce-form-row woocommerce-form-row--wide form-row form-row-wide \"><label for=\"b2bking_field_1804\">Adresse&nbsp;<span class=\"required\">*<\/span><\/label><input type=\"text\" id=\"b2bking_field_1804\" class=\"b2bking_custom_registration_field b2bking_custom_field_req_required\" name=\"b2bking_custom_field_1804\" value=\"\" placeholder=\"Geben Sie hier Ihre Adresse ein ...\" required><\/p><\/div><div class=\" b2bking_custom_registration_container b2bking_custom_registration_container_field_1805 b2bking_custom_registration_role_1800\"><p class=\"woocommerce-form-row woocommerce-form-row--wide form-row form-row-wide \"><label for=\"b2bking_field_1805\">Adresszeile 2&nbsp;<\/label><input type=\"text\" id=\"b2bking_field_1805\" class=\"b2bking_custom_registration_field b2bking_custom_field_req_\" name=\"b2bking_custom_field_1805\" value=\"\" placeholder=\"Adresszeile 2 ...\" ><\/p><\/div><div class=\" b2bking_custom_registration_container b2bking_custom_registration_container_field_1809 b2bking_custom_registration_role_1800\"><p class=\"woocommerce-form-row woocommerce-form-row--wide form-row form-row-wide b2bking_country_or_state\"><label for=\"b2bking_custom_field_1809\">Land und Staat&nbsp;<span class=\"required\">*<\/span><\/label><p class=\"form-row b2bking_country_field_selector b2bking_custom_registration_field b2bking_custom_field_req_required b2bking_country_field_req_required\" id=\"b2bking_custom_field_1809_field\" data-priority=\"\"><span class=\"woocommerce-input-wrapper\"><select name=\"b2bking_custom_field_1809\" id=\"b2bking_custom_field_1809\" class=\"country_to_state country_select \"  data-placeholder=\"Land\/Region ausw\u00e4hlen\u00a0\u2026\" ><option value=\"\">Land\/Region ausw\u00e4hlen\u00a0\u2026<\/option><option value=\"BE\" >Belgien<\/option><option value=\"BG\" >Bulgarien<\/option><option value=\"DK\" >D\u00e4nemark<\/option><option value=\"DE\" >Deutschland<\/option><option value=\"EE\" >Estland<\/option><option value=\"FI\" >Finnland<\/option><option value=\"FR\" >Frankreich<\/option><option value=\"GR\" >Griechenland<\/option><option value=\"HU\" >Ungarn<\/option><option value=\"IE\" >Irland<\/option><option value=\"IT\" >Italien<\/option><option value=\"HR\" >Kroatien<\/option><option value=\"LV\" >Lettland<\/option><option value=\"LT\" >Litauen<\/option><option value=\"LU\" >Luxemburg<\/option><option value=\"NL\" >Niederlande<\/option><option value=\"AT\" >\u00d6sterreich<\/option><option value=\"PL\" >Polen<\/option><option value=\"PT\" >Portugal<\/option><option value=\"RO\" >Rum\u00e4nien<\/option><option value=\"SI\" >Slowenien<\/option><option value=\"SK\" >Slowakei<\/option><option value=\"ES\" >Spanien<\/option><option value=\"CZ\" >Tschechien<\/option><option value=\"GB\" >Vereinigtes K\u00f6nigreich<\/option><option value=\"SE\" >Schweden<\/option><option value=\"CH\" >Schweiz<\/option><\/select><noscript><button type=\"submit\" name=\"woocommerce_checkout_update_totals\" value=\"Aktualisiere Land \/ Region\">Aktualisiere Land \/ Region<\/button><\/noscript><\/span><\/p><p class=\"form-row b2bking_custom_registration_field b2bking_custom_field_req_required\" id=\"billing_state_field\" data-priority=\"\"><span class=\"woocommerce-input-wrapper\"><input type=\"text\" class=\"input-text \" value=\"\"  placeholder=\"Bundesstaat \/ Landkreis\" name=\"billing_state\" id=\"billing_state\"  data-input-classes=\"\"\/><\/span><\/p><input type=\"hidden\" id=\"b2bking_country_registration_field_number\" name=\"b2bking_country_registration_field_number\" value=\"1809\"><\/p><\/div><div class=\" b2bking_custom_registration_container b2bking_custom_registration_container_field_1806 b2bking_custom_registration_role_1800\"><p class=\"woocommerce-form-row woocommerce-form-row--wide form-row form-row-wide \"><label for=\"b2bking_field_1806\">Ort \/ Stadt&nbsp;<span class=\"required\">*<\/span><\/label><input type=\"text\" id=\"b2bking_field_1806\" class=\"b2bking_custom_registration_field b2bking_custom_field_req_required\" name=\"b2bking_custom_field_1806\" value=\"\" placeholder=\"Geben Sie hier Ihre Stadt ein ...\" required><\/p><\/div><div class=\" b2bking_custom_registration_container b2bking_custom_registration_container_field_1807 b2bking_custom_registration_role_1800\"><p class=\"woocommerce-form-row woocommerce-form-row--wide form-row form-row-wide \"><label for=\"b2bking_field_1807\">Postleitzahl&nbsp;<span class=\"required\">*<\/span><\/label><input type=\"text\" id=\"b2bking_field_1807\" class=\"b2bking_custom_registration_field b2bking_custom_field_req_required\" name=\"b2bking_custom_field_1807\" value=\"\" placeholder=\"Geben Sie hier Ihre Postleitzahl ein ...\" required><\/p><\/div><div class=\" b2bking_custom_registration_container b2bking_custom_registration_container_field_1808 b2bking_custom_registration_role_1800\"><p class=\"woocommerce-form-row woocommerce-form-row--wide form-row form-row-wide \"><label for=\"b2bking_field_1808\">Telefonnummer&nbsp;<span class=\"required\">*<\/span><\/label><input id=\"b2bking_field_1808\" type=\"tel\" class=\"b2bking_custom_registration_field b2bking_custom_field_req_required\" name=\"b2bking_custom_field_1808\" value=\"\" placeholder=\"Geben Sie hier Ihr Telefon ein ...\" required><\/p><\/div><input type=\"hidden\" name=\"tnp-nlang\" value=\"de\"><wc-order-attribution-inputs><\/wc-order-attribution-inputs><div class=\"woocommerce-privacy-policy-text\"><p>Wir verwenden deine personenbezogenen Daten, um deine Bestellung durchf\u00fchren zu k\u00f6nnen, eine m\u00f6glichst gute Benutzererfahrung auf dieser Website zu erm\u00f6glichen und f\u00fcr weitere Zwecke, die in unserer %s beschrieben sind.<\/p>\n<\/div>\n\t\t\t\t\t<p class=\"woocommerce-form-row form-row\">\n\t\t\t\t\t\t<input type=\"hidden\" id=\"woocommerce-register-nonce\" name=\"woocommerce-register-nonce\" value=\"49b65e2f4c\" \/><input type=\"hidden\" name=\"_wp_http_referer\" value=\"\/de\/wp-json\/wp\/v2\/pages\/2329\" \/>\t\t\t\t\t\t<button type=\"submit\" class=\"woocommerce-Button woocommerce-button button woocommerce-form-register__submit\" name=\"register\" value=\"Registrieren\">Registrieren<\/button>\n\t\t\t\t\t<\/p>\n\n\t\t\t\t\t\n\t\t\t\t<\/form>\n\t\t\t<\/div>\n\t\t\t\n","protected":false},"excerpt":{"rendered":"","protected":false},"author":1,"featured_media":0,"parent":0,"menu_order":0,"comment_status":"closed","ping_status":"closed","template":"","meta":{"_uag_custom_page_level_css":"","site-sidebar-layout":"default","site-content-layout":"","ast-site-content-layout":"default","site-content-style":"default","site-sidebar-style":"default","ast-global-header-display":"","ast-banner-title-visibility":"","ast-main-header-display":"","ast-hfb-above-header-display":"","ast-hfb-below-header-display":"","ast-hfb-mobile-header-display":"","site-post-title":"","ast-breadcrumbs-content":"","ast-featured-img":"","footer-sml-layout":"","theme-transparent-header-meta":"","adv-header-id-meta":"","stick-header-meta":"","header-above-stick-meta":"","header-main-stick-meta":"","header-below-stick-meta":"","astra-migrate-meta-layouts":"default","ast-page-background-enabled":"default","ast-page-background-meta":{"desktop":{"background-color":"var(--ast-global-color-4)","background-image":"","background-repeat":"repeat","background-position":"center center","background-size":"auto","background-attachment":"scroll","background-type":"","background-media":"","overlay-type":"","overlay-color":"","overlay-opacity":"","overlay-gradient":""},"tablet":{"background-color":"","background-image":"","background-repeat":"repeat","background-position":"center center","background-size":"auto","background-attachment":"scroll","background-type":"","background-media":"","overlay-type":"","overlay-color":"","overlay-opacity":"","overlay-gradient":""},"mobile":{"background-color":"","background-image":"","background-repeat":"repeat","background-position":"center center","background-size":"auto","background-attachment":"scroll","background-type":"","background-media":"","overlay-type":"","overlay-color":"","overlay-opacity":"","overlay-gradient":""}},"ast-content-background-meta":{"desktop":{"background-color":"var(--ast-global-color-5)","background-image":"","background-repeat":"repeat","background-position":"center center","background-size":"auto","background-attachment":"scroll","background-type":"","background-media":"","overlay-type":"","overlay-color":"","overlay-opacity":"","overlay-gradient":""},"tablet":{"background-color":"var(--ast-global-color-5)","background-image":"","background-repeat":"repeat","background-position":"center center","background-size":"auto","background-attachment":"scroll","background-type":"","background-media":"","overlay-type":"","overlay-color":"","overlay-opacity":"","overlay-gradient":""},"mobile":{"background-color":"var(--ast-global-color-5)","background-image":"","background-repeat":"repeat","background-position":"center center","background-size":"auto","background-attachment":"scroll","background-type":"","background-media":"","overlay-type":"","overlay-color":"","overlay-opacity":"","overlay-gradient":""}},"footnotes":""},"class_list":["post-2329","page","type-page","status-publish","hentry"],"uagb_featured_image_src":{"full":false,"thumbnail":false,"medium":false,"medium_large":false,"large":false,"1536x1536":false,"2048x2048":false,"woocommerce_thumbnail":false,"woocommerce_single":false,"woocommerce_gallery_thumbnail":false},"uagb_author_info":{"display_name":"boardsbeans","author_link":"https:\/\/boards-beans.com\/de\/author\/boardsbeans\/"},"uagb_comment_info":0,"uagb_excerpt":null,"_links":{"self":[{"href":"https:\/\/boards-beans.com\/de\/wp-json\/wp\/v2\/pages\/2329","targetHints":{"allow":["GET"]}}],"collection":[{"href":"https:\/\/boards-beans.com\/de\/wp-json\/wp\/v2\/pages"}],"about":[{"href":"https:\/\/boards-beans.com\/de\/wp-json\/wp\/v2\/types\/page"}],"author":[{"embeddable":true,"href":"https:\/\/boards-beans.com\/de\/wp-json\/wp\/v2\/users\/1"}],"replies":[{"embeddable":true,"href":"https:\/\/boards-beans.com\/de\/wp-json\/wp\/v2\/comments?post=2329"}],"version-history":[{"count":0,"href":"https:\/\/boards-beans.com\/de\/wp-json\/wp\/v2\/pages\/2329\/revisions"}],"wp:attachment":[{"href":"https:\/\/boards-beans.com\/de\/wp-json\/wp\/v2\/media?parent=2329"}],"curies":[{"name":"wp","href":"https:\/\/api.w.org\/{rel}","templated":true}]}}