{"id":4257,"date":"2026-02-18T10:44:45","date_gmt":"2026-02-18T09:44:45","guid":{"rendered":"https:\/\/boards-beans.com\/samples\/"},"modified":"2026-02-18T13:48:35","modified_gmt":"2026-02-18T12:48:35","slug":"samples","status":"publish","type":"page","link":"https:\/\/boards-beans.com\/de\/samples\/","title":{"rendered":"Samples"},"content":{"rendered":"\n<h2 class=\"wp-block-heading has-text-align-center\" style=\"padding-top:var(--wp--preset--spacing--50);padding-bottom:var(--wp--preset--spacing--50)\">\u00dcberzeugen Sie sich selbst: Bestellen Sie unser Musterpaket<\/h2>\n\n<div class=\"wp-block-uagb-container uagb-block-oszlhta9 alignfull uagb-is-root-container\"><div class=\"uagb-container-inner-blocks-wrap\">\n<div class=\"wp-block-uagb-container uagb-block-be17lhlc\">\n<div class=\"wp-block-uagb-info-box uagb-block-oubzjifv uagb-infobox__content-wrap  uagb-infobox-icon-above-title uagb-infobox-image-valign-top\"><div class=\"uagb-ifb-content\"><div class=\"uagb-ifb-title-wrap\"><\/div><p class=\"uagb-ifb-desc\">M\u00f6chten Sie die Qualit\u00e4t und Verarbeitung von Boards &amp; Beans erst selbst erleben, bevor Sie ein Konto erstellen? F\u00fcr nur <strong>25,- \u20ac (zzgl. MwSt.)<\/strong> senden wir Ihnen drei zuf\u00e4llige Servierbretter aus unserem Sortiment zu. <br \/><br \/><strong>Warum ein Musterpaket bestellen?<\/strong><br \/><br \/><strong>Qualit\u00e4tscheck:<\/strong> Sp\u00fcren Sie das Gewicht, betrachten Sie die Maserung und erleben Sie das hochwertige Finish unseres Holzes.<br \/><br \/><strong>Testen Sie die M\u00f6glichkeiten:<\/strong> Perfekt zum Testen mit Ihrer eigenen Graviermaschine oder zur Pr\u00e4sentation f\u00fcr Ihr Team als neue Servierl\u00f6sung.<br \/><br \/><strong>Kein Risiko: <\/strong>Entdecken Sie, warum unsere Bretter Margen von bis zu 500 % erm\u00f6glichen.<br \/><br \/><strong>Cashback-Garantie<\/strong><br \/>Bestellen Sie als Neukunde innerhalb von 30 Tagen nach Erhalt f\u00fcr mindestens <strong>250,- \u20ac zzgl. MwSt. <\/strong> an Lagerbestand, dann schenken wir Ihnen dieses Paket. Senden Sie uns nach Ihrer Bestellung eine E-Mail und wir verrechnen den Betrag f\u00fcr das Musterpaket mit Ihrer ersten Bestellung. <\/p><\/div><\/div>\n<\/div>\n\n\n\n<div class=\"wp-block-uagb-container uagb-block-dojde1ih\">\n<div class=\"wp-block-uagb-info-box uagb-block-2rtnirnt uagb-infobox__content-wrap  uagb-infobox-icon-above-title uagb-infobox-image-valign-top\"><div class=\"uagb-ifb-content\"><div class=\"uagb-ifb-title-wrap\"><h3 class=\"uagb-ifb-title\">Fordern Sie Ihre Muster an<\/h3><\/div><p class=\"uagb-ifb-desc\">Hinterlassen Sie Ihre Daten und Sie erhalten von uns einen Zahlungslink, um Ihr Paket zu bezahlen.<\/p><\/div><\/div>\n\n\n<div class=\"wpforms-container wpforms-block wpforms-block-64075e52-7b3f-490d-a82e-2299dd42c3c8\" id=\"wpforms-4201\"><form id=\"wpforms-form-4201\" class=\"wpforms-validate wpforms-form wpforms-ajax-form\" data-formid=\"4201\" method=\"post\" enctype=\"multipart\/form-data\" action=\"\/de\/wp-json\/wp\/v2\/pages\/4257\" data-token=\"52f02e3014ac08581818f68aea203f73\" data-token-time=\"1776598607\"><noscript class=\"wpforms-error-noscript\">Bitte aktiviere JavaScript in deinem Browser, um dieses Formular fertigzustellen.<\/noscript><div class=\"wpforms-field-container\"><div id=\"wpforms-4201-field_0-container\" class=\"wpforms-field wpforms-field-name\" data-field-id=\"0\"><label class=\"wpforms-field-label\" for=\"wpforms-4201-field_0\">Name <span class=\"wpforms-required-label\">*<\/span><\/label><input type=\"text\" id=\"wpforms-4201-field_0\" class=\"wpforms-field-large wpforms-field-required\" name=\"wpforms[fields][0]\" required><\/div><div id=\"wpforms-4201-field_5-container\" class=\"wpforms-field wpforms-field-name\" data-field-id=\"5\"><label class=\"wpforms-field-label\" for=\"wpforms-4201-field_5\">Firmenname <span class=\"wpforms-required-label\">*<\/span><\/label><input type=\"text\" id=\"wpforms-4201-field_5\" class=\"wpforms-field-large wpforms-field-required\" name=\"wpforms[fields][5]\" required><\/div><div id=\"wpforms-4201-field_3-container\" class=\"wpforms-field wpforms-field-name\" data-field-id=\"3\"><label class=\"wpforms-field-label\" for=\"wpforms-4201-field_3\">Stra\u00dfe und Hausnummer <span class=\"wpforms-required-label\">*<\/span><\/label><input type=\"text\" id=\"wpforms-4201-field_3\" class=\"wpforms-field-large wpforms-field-required\" name=\"wpforms[fields][3]\" required><\/div><div id=\"wpforms-4201-field_4-container\" class=\"wpforms-field wpforms-field-name\" data-field-id=\"4\"><label class=\"wpforms-field-label\" for=\"wpforms-4201-field_4\">PLZ und Ort <span class=\"wpforms-required-label\">*<\/span><\/label><input type=\"text\" id=\"wpforms-4201-field_4\" class=\"wpforms-field-large wpforms-field-required\" name=\"wpforms[fields][4]\" required><\/div><div id=\"wpforms-4201-field_1-container\" class=\"wpforms-field wpforms-field-email\" data-field-id=\"1\"><label class=\"wpforms-field-label\" for=\"wpforms-4201-field_1\">E-Mail <span class=\"wpforms-required-label\">*<\/span><\/label><input type=\"email\" id=\"wpforms-4201-field_1\" class=\"wpforms-field-large wpforms-field-required\" name=\"wpforms[fields][1]\" spellcheck=\"false\" required><\/div><div id=\"wpforms-4201-field_6-container\" class=\"wpforms-field wpforms-field-email\" data-field-id=\"6\"><label class=\"wpforms-field-label\" for=\"wpforms-4201-field_6\">Telefonnummer <span class=\"wpforms-required-label\">*<\/span><\/label><input type=\"email\" id=\"wpforms-4201-field_6\" class=\"wpforms-field-large wpforms-field-required\" name=\"wpforms[fields][6]\" spellcheck=\"false\" required><\/div><div id=\"wpforms-4201-field_2-container\" class=\"wpforms-field wpforms-field-textarea\" data-field-id=\"2\"><label class=\"wpforms-field-label\" for=\"wpforms-4201-field_2\">Nachricht<\/label><textarea id=\"wpforms-4201-field_2\" class=\"wpforms-field-medium\" name=\"wpforms[fields][2]\" ><\/textarea><\/div><\/div><!-- .wpforms-field-container --><div class=\"wpforms-submit-container\" ><input type=\"hidden\" name=\"wpforms[id]\" value=\"4201\"><input type=\"hidden\" name=\"page_title\" value=\"\"><input type=\"hidden\" name=\"page_url\" value=\"https:\/\/boards-beans.com\/de\/wp-json\/wp\/v2\/pages\/4257\"><input type=\"hidden\" name=\"url_referer\" value=\"\"><button type=\"submit\" name=\"wpforms[submit]\" id=\"wpforms-submit-4201\" class=\"wpforms-submit\" data-alt-text=\"Wird gesendet...\" data-submit-text=\"Senden\" aria-live=\"assertive\" value=\"wpforms-submit\">Senden<\/button><img loading=\"lazy\" decoding=\"async\" src=\"https:\/\/boards-beans.com\/wp-content\/plugins\/wpforms-lite\/assets\/images\/submit-spin.svg\" class=\"wpforms-submit-spinner\" style=\"display: none;\" width=\"26\" height=\"26\" alt=\"Wird geladen\"><\/div><\/form><\/div>  <!-- .wpforms-container --><\/div>\n<\/div><\/div>\n","protected":false},"excerpt":{"rendered":"<p>\u00dcberzeugen Sie sich selbst: Bestellen Sie unser Musterpaket<\/p>\n","protected":false},"author":1,"featured_media":0,"parent":0,"menu_order":0,"comment_status":"closed","ping_status":"closed","template":"","meta":{"_uag_custom_page_level_css":"","site-sidebar-layout":"default","site-content-layout":"","ast-site-content-layout":"default","site-content-style":"unboxed","site-sidebar-style":"default","ast-global-header-display":"","ast-banner-title-visibility":"","ast-main-header-display":"","ast-hfb-above-header-display":"","ast-hfb-below-header-display":"","ast-hfb-mobile-header-display":"","site-post-title":"","ast-breadcrumbs-content":"","ast-featured-img":"","footer-sml-layout":"","theme-transparent-header-meta":"","adv-header-id-meta":"","stick-header-meta":"","header-above-stick-meta":"","header-main-stick-meta":"","header-below-stick-meta":"","astra-migrate-meta-layouts":"default","ast-page-background-enabled":"default","ast-page-background-meta":{"desktop":{"background-color":"var(--ast-global-color-4)","background-image":"","background-repeat":"repeat","background-position":"center center","background-size":"auto","background-attachment":"scroll","background-type":"","background-media":"","overlay-type":"","overlay-color":"","overlay-opacity":"","overlay-gradient":""},"tablet":{"background-color":"","background-image":"","background-repeat":"repeat","background-position":"center center","background-size":"auto","background-attachment":"scroll","background-type":"","background-media":"","overlay-type":"","overlay-color":"","overlay-opacity":"","overlay-gradient":""},"mobile":{"background-color":"","background-image":"","background-repeat":"repeat","background-position":"center center","background-size":"auto","background-attachment":"scroll","background-type":"","background-media":"","overlay-type":"","overlay-color":"","overlay-opacity":"","overlay-gradient":""}},"ast-content-background-meta":{"desktop":{"background-color":"var(--ast-global-color-5)","background-image":"","background-repeat":"repeat","background-position":"center center","background-size":"auto","background-attachment":"scroll","background-type":"","background-media":"","overlay-type":"","overlay-color":"","overlay-opacity":"","overlay-gradient":""},"tablet":{"background-color":"var(--ast-global-color-5)","background-image":"","background-repeat":"repeat","background-position":"center center","background-size":"auto","background-attachment":"scroll","background-type":"","background-media":"","overlay-type":"","overlay-color":"","overlay-opacity":"","overlay-gradient":""},"mobile":{"background-color":"var(--ast-global-color-5)","background-image":"","background-repeat":"repeat","background-position":"center center","background-size":"auto","background-attachment":"scroll","background-type":"","background-media":"","overlay-type":"","overlay-color":"","overlay-opacity":"","overlay-gradient":""}},"footnotes":""},"class_list":["post-4257","page","type-page","status-publish","hentry"],"uagb_featured_image_src":{"full":false,"thumbnail":false,"medium":false,"medium_large":false,"large":false,"1536x1536":false,"2048x2048":false,"woocommerce_thumbnail":false,"woocommerce_single":false,"woocommerce_gallery_thumbnail":false},"uagb_author_info":{"display_name":"boardsbeans","author_link":"https:\/\/boards-beans.com\/de\/author\/boardsbeans\/"},"uagb_comment_info":0,"uagb_excerpt":"\u00dcberzeugen Sie sich selbst: Bestellen Sie unser Musterpaket","_links":{"self":[{"href":"https:\/\/boards-beans.com\/de\/wp-json\/wp\/v2\/pages\/4257","targetHints":{"allow":["GET"]}}],"collection":[{"href":"https:\/\/boards-beans.com\/de\/wp-json\/wp\/v2\/pages"}],"about":[{"href":"https:\/\/boards-beans.com\/de\/wp-json\/wp\/v2\/types\/page"}],"author":[{"embeddable":true,"href":"https:\/\/boards-beans.com\/de\/wp-json\/wp\/v2\/users\/1"}],"replies":[{"embeddable":true,"href":"https:\/\/boards-beans.com\/de\/wp-json\/wp\/v2\/comments?post=4257"}],"version-history":[{"count":2,"href":"https:\/\/boards-beans.com\/de\/wp-json\/wp\/v2\/pages\/4257\/revisions"}],"predecessor-version":[{"id":4259,"href":"https:\/\/boards-beans.com\/de\/wp-json\/wp\/v2\/pages\/4257\/revisions\/4259"}],"wp:attachment":[{"href":"https:\/\/boards-beans.com\/de\/wp-json\/wp\/v2\/media?parent=4257"}],"curies":[{"name":"wp","href":"https:\/\/api.w.org\/{rel}","templated":true}]}}