{"id":4343,"date":"2024-08-12T12:49:28","date_gmt":"2024-08-12T10:49:28","guid":{"rendered":"https:\/\/boards-beans.com\/gravurservice\/"},"modified":"2026-03-18T12:50:20","modified_gmt":"2026-03-18T11:50:20","slug":"gravurservice","status":"publish","type":"page","link":"https:\/\/boards-beans.com\/de\/gravurservice\/","title":{"rendered":"Gravurservice"},"content":{"rendered":"\n<div class=\"wp-block-uagb-container uagb-block-b9b9f3ba alignfull uagb-is-root-container\"><div class=\"uagb-container-inner-blocks-wrap\">\n<div class=\"wp-block-uagb-container uagb-block-a9ab6ca1\">\n<div class=\"wp-block-uagb-advanced-heading uagb-block-1888403a\"><h6 class=\"uagb-heading-text\">Boards &amp; Beans<\/h6><\/div>\n\n\n\n<div class=\"wp-block-uagb-advanced-heading uagb-block-bdaa615f\"><h1 class=\"uagb-heading-text\">Servierbretter gravieren lassen<\/h1><\/div>\n<\/div>\n<\/div><\/div>\n\n<div class=\"wp-block-uagb-container uagb-block-atg5jmwb alignfull uagb-is-root-container\"><div class=\"uagb-container-inner-blocks-wrap\">\n<div class=\"wp-block-uagb-info-box uagb-block-n0rwu1bt uagb-infobox__content-wrap  uagb-infobox-icon-above-title uagb-infobox-image-valign-top\"><div class=\"uagb-ifb-content\"><div class=\"uagb-ifb-title-wrap\"><h2 class=\"uagb-ifb-title\">Unser Gravurservice<\/h2><\/div><\/div><\/div>\n\n\n\n<div class=\"wp-block-uagb-container uagb-block-tg0twcef\">\n<div class=\"wp-block-uagb-info-box uagb-block-wop9yfan uagb-infobox__content-wrap  uagb-infobox-icon-above-title uagb-infobox-image-valign-top\"><div class=\"uagb-ifb-content\"><div class=\"uagb-ifb-title-wrap\"><\/div><p class=\"uagb-ifb-desc\">Durch den Einsatz verschiedener Lasergravurmaschinen k\u00f6nnen wir jedes Servierbrett in unserem Sortiment mit h\u00f6chster Pr\u00e4zision gravieren, egal ob es sich um Einzelst\u00fccke oder Tausende von Exemplaren handelt. Dies bietet Ihnen als Unternehmen die M\u00f6glichkeit, ein Logo oder eine pers\u00f6nliche Botschaft auf eines unserer Bretter gravieren zu lassen, wodurch sich unsere Bretter hervorragend f\u00fcr Weihnachtspakete und Gesch\u00e4ftsgeschenke eignen.  <\/p><\/div><\/div>\n\n\n\n<div class=\"wp-block-uagb-info-box uagb-block-bcfyxdwp uagb-infobox__content-wrap  uagb-infobox-icon-above-title uagb-infobox-image-valign-top\"><div class=\"uagb-ifb-content\"><div class=\"uagb-ifb-title-wrap\"><\/div><p class=\"uagb-ifb-desc\">Die Kosten f\u00fcr das Gravieren unserer houten Servierbretter setzen sich aus zwei Komponenten zusammen: den Einrichtungskosten und den Kosten pro Gravur. Die Einrichtungskosten sind ein Festbetrag pro Auftrag. Darin enthalten sind unter anderem die Zeit f\u00fcr das Einrichten der Maschinen und die Kontrolle des zu gravierenden Entwurfs. Die Kosten pro Gravur sind abh\u00e4ngig von der Gr\u00f6\u00dfe der Gravur.   <\/p><\/div><\/div>\n<\/div>\n<\/div><\/div>\n\n<div class=\"wp-block-uagb-container uagb-block-xbwzcgd7 alignfull uagb-is-root-container\"><div class=\"uagb-container-inner-blocks-wrap\">\n<div class=\"wp-block-uagb-container uagb-block-jqd8sedi\">\n<div class=\"wp-block-uagb-info-box uagb-block-buizfqbb uagb-infobox__content-wrap  uagb-infobox-icon-above-title uagb-infobox-image-valign-top\"><div class=\"uagb-ifb-content\"><div class=\"uagb-ifb-title-wrap\"><h2 class=\"uagb-ifb-title\">Kosten\u00fcbersicht<\/h2><\/div><\/div><\/div>\n<\/div>\n\n\n\n<div class=\"wp-block-uagb-container uagb-block-7ryxhpex\">\n<div class=\"wp-block-uagb-container uagb-block-disdqxwb\">\n<div class=\"wp-block-uagb-info-box uagb-block-bqkz7scb uagb-infobox__content-wrap  uagb-infobox-icon-above-title uagb-infobox-image-valign-top\"><div class=\"uagb-ifb-content\"><div class=\"uagb-ifb-title-wrap\"><p class=\"uagb-ifb-title-prefix\">01<\/p><h3 class=\"uagb-ifb-title\">Einrichtungskosten<\/h3><\/div><p class=\"uagb-ifb-desc\">F\u00fcr unseren Gravurservice berechnen wir Einrichtungskosten. Dies sind Fixkosten, die f\u00fcr jeden Auftrag gleich bleiben und die Zeit abdecken, die wir f\u00fcr das Einrichten der Maschine, die Aufbereitung des Entwurfs f\u00fcr die Gravur sowie die Erstellung einer eventuellen Testgravur ben\u00f6tigen. Diese Einrichtungskosten gelten somit pro Entwurf\/Brett.  <br\/><br\/>Unsere Einrichtungskosten betragen 29 \u20ac pro Auftrag.<\/p><\/div><\/div>\n<\/div>\n\n\n\n<div class=\"wp-block-uagb-container uagb-block-xhgbo2b0\">\n<div class=\"wp-block-uagb-info-box uagb-block-5eb9wl5y uagb-infobox__content-wrap  uagb-infobox-icon-above-title uagb-infobox-image-valign-top\"><div class=\"uagb-ifb-content\"><div class=\"uagb-ifb-title-wrap\"><p class=\"uagb-ifb-title-prefix\">02<\/p><h3 class=\"uagb-ifb-title\">Kosten pro Gravur<\/h3><\/div><p class=\"uagb-ifb-desc\">Diese Kosten sind abh\u00e4ngig von der Gr\u00f6\u00dfe der Gravur:<br\/><\/p><\/div><\/div>\n\n\n\n<figure class=\"wp-block-table is-style-regular\"><table class=\"has-fixed-layout\" style=\"border-style:none;border-width:0px\"><tbody><tr><td><strong>Gr\u00f6\u00dfe der Gravur<\/strong><\/td><td><strong>Kosten pro St\u00fcck<\/strong><\/td><\/tr><tr><td>&lt; 25 cm\u00b2<\/td><td>\u20ac1,00<\/td><\/tr><tr><td>25-75 cm\u00b2<\/td><td>\u20ac1,25<\/td><\/tr><tr><td>75-125 cm\u00b2<\/td><td>\u20ac1,75<\/td><\/tr><tr><td>125 &#8211; 150 cm\u00b2<\/td><td>\u20ac2,25<\/td><\/tr><tr><td>150 &#8211; 200 cm\u00b2<\/td><td>\u20ac2,75<\/td><\/tr><tr><td>200 &#8211; 250 cm\u00b2<\/td><td>\u20ac3,50<\/td><\/tr><\/tbody><\/table><figcaption class=\"wp-element-caption\">Bij graveringen groter dan 250 cm\u00b2 maken we graag een prijs op maat.<\/figcaption><\/figure>\n<\/div>\n<\/div>\n<\/div><\/div>\n\n<div class=\"wp-block-uagb-container uagb-block-skrz8cse alignfull uagb-is-root-container\"><div class=\"uagb-container-inner-blocks-wrap\">\n<div class=\"wp-block-uagb-star-rating uagb-block-91cxyspe\"><div class=\"uag-star-rating\" title=\"4.5\/5\"><span class=\"uag-star\">\u2605<\/span><span class=\"uag-star\">\u2605<\/span><span class=\"uag-star\">\u2605<\/span><span class=\"uag-star\">\u2605<\/span><span class=\"uag-star\">\u2605<\/span><\/div><\/div>\n\n\n\n<div class=\"wp-block-uagb-info-box uagb-block-vvrswbwb uagb-infobox__content-wrap  uagb-infobox-icon-above-title uagb-infobox-image-valign-top\"><div class=\"uagb-ifb-content\"><div class=\"uagb-ifb-title-wrap\"><p class=\"uagb-ifb-title\">Exceptional service! This company goes above and beyond to meet their customers&#8216; needs. I couldn&#8217;t be happier with the results.  <\/p><\/div><\/div><\/div>\n\n\n\n<div class=\"wp-block-uagb-info-box uagb-block-axlc1luo uagb-infobox__content-wrap  uagb-infobox-icon-above-title uagb-infobox-image-valign-top\"><div class=\"uagb-ifb-content\"><div class=\"uagb-ifb-image-content\"><img decoding=\"async\" src=\"https:\/\/boards-beans.com\/wp-content\/uploads\/2024\/08\/skip-testimonial-09.jpg\" alt=\"\" width=\"48\" height=\"48\" loading=\"lazy\"\/><\/div><div class=\"uagb-ifb-title-wrap\"><p class=\"uagb-ifb-title\">Your Client 1<\/p><\/div><\/div><\/div>\n<\/div><\/div>\n\n<div class=\"wp-block-uagb-container uagb-block-cslzaj9w alignfull uagb-is-root-container\"><div class=\"uagb-container-inner-blocks-wrap\">\n<div class=\"wp-block-uagb-info-box uagb-block-tinpezgn uagb-infobox__content-wrap  uagb-infobox-icon-above-title uagb-infobox-image-valign-top\"><div class=\"uagb-ifb-content\"><div class=\"uagb-ifb-title-wrap\"><h2 class=\"uagb-ifb-title\">Einige Kreationen<\/h2><\/div><p class=\"uagb-ifb-desc\">Ein kurzer \u00dcberblick \u00fcber Auftr\u00e4ge, die wir umsetzen durften.<\/p><\/div><\/div>\n\n\n\n<div class=\"wp-block-uagb-container uagb-layout-grid uagb-block-dokgdmnw\">\n<div class=\"wp-block-uagb-image alignleft uagb-block-j8jgapaw wp-block-uagb-image--layout-default wp-block-uagb-image--effect-static wp-block-uagb-image--align-left\"><figure class=\"wp-block-uagb-image__figure\"><img decoding=\"async\" srcset=\"https:\/\/boards-beans.com\/wp-content\/uploads\/2024\/08\/IMG_06221-1024x1024.jpg ,https:\/\/boards-beans.com\/wp-content\/uploads\/2024\/08\/IMG_06221-scaled.jpg 780w, https:\/\/boards-beans.com\/wp-content\/uploads\/2024\/08\/IMG_06221-scaled.jpg 360w\" sizes=\"auto, (max-width: 480px) 150px\" src=\"https:\/\/boards-beans.com\/wp-content\/uploads\/2024\/08\/IMG_06221-1024x1024.jpg\" alt=\"\" class=\"uag-image-2969\" width=\"384\" height=\"384\" title=\"IMG_0622(1)\" loading=\"lazy\" role=\"img\"><\/figure><\/div>\n\n\n\n<div class=\"wp-block-uagb-image alignleft uagb-block-dqd0z0qt wp-block-uagb-image--layout-default wp-block-uagb-image--effect-static wp-block-uagb-image--align-left\"><figure class=\"wp-block-uagb-image__figure\"><img decoding=\"async\" srcset=\"https:\/\/boards-beans.com\/wp-content\/uploads\/2024\/08\/IMG_1240-1024x1024.jpg ,https:\/\/boards-beans.com\/wp-content\/uploads\/2024\/08\/IMG_1240-scaled.jpg 780w, https:\/\/boards-beans.com\/wp-content\/uploads\/2024\/08\/IMG_1240-scaled.jpg 360w\" sizes=\"auto, (max-width: 480px) 150px\" src=\"https:\/\/boards-beans.com\/wp-content\/uploads\/2024\/08\/IMG_1240-1024x1024.jpg\" alt=\"\" class=\"uag-image-2973\" width=\"384\" height=\"384\" title=\"IMG_1240\" loading=\"lazy\" role=\"img\"><\/figure><\/div>\n\n\n\n<div class=\"wp-block-uagb-image alignleft uagb-block-5ruwuk6a wp-block-uagb-image--layout-default wp-block-uagb-image--effect-static wp-block-uagb-image--align-left\"><figure class=\"wp-block-uagb-image__figure\"><img decoding=\"async\" srcset=\"https:\/\/boards-beans.com\/wp-content\/uploads\/2024\/08\/IMG_1995-1024x1024.jpg ,https:\/\/boards-beans.com\/wp-content\/uploads\/2024\/08\/IMG_1995-scaled.jpg 780w, https:\/\/boards-beans.com\/wp-content\/uploads\/2024\/08\/IMG_1995-scaled.jpg 360w\" sizes=\"auto, (max-width: 480px) 150px\" src=\"https:\/\/boards-beans.com\/wp-content\/uploads\/2024\/08\/IMG_1995-1024x1024.jpg\" alt=\"\" class=\"uag-image-2977\" width=\"384\" height=\"384\" title=\"IMG_1995\" loading=\"lazy\" role=\"img\"><\/figure><\/div>\n\n\n\n<div class=\"wp-block-uagb-image alignleft uagb-block-vmihjxeg wp-block-uagb-image--layout-default wp-block-uagb-image--effect-static wp-block-uagb-image--align-left\"><figure class=\"wp-block-uagb-image__figure\"><img decoding=\"async\" srcset=\"https:\/\/boards-beans.com\/wp-content\/uploads\/2024\/08\/IMG_2568-768x1024.jpg ,https:\/\/boards-beans.com\/wp-content\/uploads\/2024\/08\/IMG_2568-scaled.jpg 780w, https:\/\/boards-beans.com\/wp-content\/uploads\/2024\/08\/IMG_2568-scaled.jpg 360w\" sizes=\"auto, (max-width: 480px) 150px\" src=\"https:\/\/boards-beans.com\/wp-content\/uploads\/2024\/08\/IMG_2568-768x1024.jpg\" alt=\"\" class=\"uag-image-2981\" width=\"384\" height=\"384\" title=\"IMG_2568\" loading=\"lazy\" role=\"img\"><\/figure><\/div>\n\n\n\n<div class=\"wp-block-uagb-image alignleft uagb-block-5r2uq0n6 wp-block-uagb-image--layout-default wp-block-uagb-image--effect-static wp-block-uagb-image--align-left\"><figure class=\"wp-block-uagb-image__figure\"><img decoding=\"async\" srcset=\"https:\/\/boards-beans.com\/wp-content\/uploads\/2023\/12\/IMG_1036-PhotoRoom-e1687358336674-1024x1024.webp ,https:\/\/boards-beans.com\/wp-content\/uploads\/2023\/12\/IMG_1036-PhotoRoom-e1687358336674.webp 780w, https:\/\/boards-beans.com\/wp-content\/uploads\/2023\/12\/IMG_1036-PhotoRoom-e1687358336674.webp 360w\" sizes=\"auto, (max-width: 480px) 150px\" src=\"https:\/\/boards-beans.com\/wp-content\/uploads\/2023\/12\/IMG_1036-PhotoRoom-e1687358336674-1024x1024.webp\" alt=\"\" class=\"uag-image-2149\" width=\"384\" height=\"384\" title=\"IMG_1036-PhotoRoom-e1687358336674.webp\" loading=\"lazy\" role=\"img\"><\/figure><\/div>\n\n\n\n<div class=\"wp-block-uagb-image alignleft uagb-block-kah79ik9 wp-block-uagb-image--layout-default wp-block-uagb-image--effect-static wp-block-uagb-image--align-left\"><figure class=\"wp-block-uagb-image__figure\"><img decoding=\"async\" srcset=\"https:\/\/boards-beans.com\/wp-content\/uploads\/2024\/08\/IMG_0923-1024x1024.jpg ,https:\/\/boards-beans.com\/wp-content\/uploads\/2024\/08\/IMG_0923-scaled.jpg 780w, https:\/\/boards-beans.com\/wp-content\/uploads\/2024\/08\/IMG_0923-scaled.jpg 360w\" sizes=\"auto, (max-width: 480px) 150px\" src=\"https:\/\/boards-beans.com\/wp-content\/uploads\/2024\/08\/IMG_0923-1024x1024.jpg\" alt=\"\" class=\"uag-image-2985\" width=\"384\" height=\"384\" title=\"IMG_0923\" loading=\"lazy\" role=\"img\"><\/figure><\/div>\n<\/div>\n<\/div><\/div>\n\n<div class=\"wp-block-uagb-container uagb-block-pscgkiat alignfull uagb-is-root-container\"><div class=\"uagb-container-inner-blocks-wrap\">\n<div class=\"wp-block-uagb-info-box uagb-block-udwppfgh uagb-infobox__content-wrap  uagb-infobox-icon-above-title uagb-infobox-image-valign-top\"><div class=\"uagb-ifb-content\"><div class=\"uagb-ifb-title-wrap\"><p class=\"uagb-ifb-title-prefix\">Jetzt Angebot anfordern<\/p><h2 class=\"uagb-ifb-title\">Sind Sie gespannt, was wir f\u00fcreinander tun k\u00f6nnen?<\/h2><\/div><p class=\"uagb-ifb-desc\">Sind Sie auf der Suche nach dem idealen Partner f\u00fcr Ihre Werbegeschenke oder sind Sie neugierig auf unser gesamtes Angebot? Dann nehmen Sie ganz unverbindlich Kontakt mit uns auf. <\/p><\/div><\/div>\n\n\n\n<div class=\"wp-block-uagb-buttons uagb-buttons__outer-wrap uagb-btn__default-btn uagb-btn-tablet__default-btn uagb-btn-mobile__default-btn uagb-block-ktiffw8j\"><div class=\"uagb-buttons__wrap uagb-buttons-layout-wrap \">\n<div class=\"wp-block-uagb-buttons-child uagb-buttons__outer-wrap uagb-block-114qs0vz wp-block-button\"><div class=\"uagb-button__wrapper\"><a class=\"uagb-buttons-repeater wp-block-button__link\" aria-label=\"\" href=\"https:\/\/boards-beans.com\/de\/kontakt\/\" rel=\"follow noopener\" target=\"_self\" role=\"button\"><div class=\"uagb-button__link\">Kontakt aufnehmen<\/div><\/a><\/div><\/div>\n<\/div><\/div>\n<\/div><\/div>\n","protected":false},"excerpt":{"rendered":"<p>Boards &amp; Beans Servierbretter gravieren lassen Gr\u00f6\u00dfe der Gravur Kosten pro St\u00fcck &lt; 25 cm\u00b2 \u20ac1,00 25-75 cm\u00b2 \u20ac1,25 75-125 cm\u00b2 \u20ac1,75 125 &#8211; 150 cm\u00b2 \u20ac2,25 150 &#8211; 200 cm\u00b2 \u20ac2,75 200 &#8211; 250 cm\u00b2 \u20ac3,50 Bij graveringen groter dan 250 cm\u00b2 maken we graag een prijs op maat.<\/p>\n","protected":false},"author":1,"featured_media":0,"parent":0,"menu_order":0,"comment_status":"closed","ping_status":"closed","template":"","meta":{"_uag_custom_page_level_css":"","site-sidebar-layout":"default","site-content-layout":"","ast-site-content-layout":"full-width-container","site-content-style":"default","site-sidebar-style":"default","ast-global-header-display":"","ast-banner-title-visibility":"","ast-main-header-display":"","ast-hfb-above-header-display":"","ast-hfb-below-header-display":"","ast-hfb-mobile-header-display":"","site-post-title":"","ast-breadcrumbs-content":"","ast-featured-img":"","footer-sml-layout":"","theme-transparent-header-meta":"","adv-header-id-meta":"","stick-header-meta":"","header-above-stick-meta":"","header-main-stick-meta":"","header-below-stick-meta":"","astra-migrate-meta-layouts":"default","ast-page-background-enabled":"default","ast-page-background-meta":{"desktop":{"background-color":"var(--ast-global-color-4)","background-image":"","background-repeat":"repeat","background-position":"center center","background-size":"auto","background-attachment":"scroll","background-type":"","background-media":"","overlay-type":"","overlay-color":"","overlay-opacity":"","overlay-gradient":""},"tablet":{"background-color":"","background-image":"","background-repeat":"repeat","background-position":"center center","background-size":"auto","background-attachment":"scroll","background-type":"","background-media":"","overlay-type":"","overlay-color":"","overlay-opacity":"","overlay-gradient":""},"mobile":{"background-color":"","background-image":"","background-repeat":"repeat","background-position":"center center","background-size":"auto","background-attachment":"scroll","background-type":"","background-media":"","overlay-type":"","overlay-color":"","overlay-opacity":"","overlay-gradient":""}},"ast-content-background-meta":{"desktop":{"background-color":"var(--ast-global-color-5)","background-image":"","background-repeat":"repeat","background-position":"center center","background-size":"auto","background-attachment":"scroll","background-type":"","background-media":"","overlay-type":"","overlay-color":"","overlay-opacity":"","overlay-gradient":""},"tablet":{"background-color":"var(--ast-global-color-5)","background-image":"","background-repeat":"repeat","background-position":"center center","background-size":"auto","background-attachment":"scroll","background-type":"","background-media":"","overlay-type":"","overlay-color":"","overlay-opacity":"","overlay-gradient":""},"mobile":{"background-color":"var(--ast-global-color-5)","background-image":"","background-repeat":"repeat","background-position":"center center","background-size":"auto","background-attachment":"scroll","background-type":"","background-media":"","overlay-type":"","overlay-color":"","overlay-opacity":"","overlay-gradient":""}},"footnotes":""},"class_list":["post-4343","page","type-page","status-publish","hentry"],"uagb_featured_image_src":{"full":false,"thumbnail":false,"medium":false,"medium_large":false,"large":false,"1536x1536":false,"2048x2048":false,"woocommerce_thumbnail":false,"woocommerce_single":false,"woocommerce_gallery_thumbnail":false},"uagb_author_info":{"display_name":"boardsbeans","author_link":"https:\/\/boards-beans.com\/de\/author\/boardsbeans\/"},"uagb_comment_info":0,"uagb_excerpt":"Boards &amp; Beans Servierbretter gravieren lassen Gr\u00f6\u00dfe der Gravur Kosten pro St\u00fcck &lt; 25 cm\u00b2 \u20ac1,00 25-75 cm\u00b2 \u20ac1,25 75-125 cm\u00b2 \u20ac1,75 125 &#8211; 150 cm\u00b2 \u20ac2,25 150 &#8211; 200 cm\u00b2 \u20ac2,75 200 &#8211; 250 cm\u00b2 \u20ac3,50 Bij graveringen groter dan 250 cm\u00b2 maken we graag een prijs op maat.","_links":{"self":[{"href":"https:\/\/boards-beans.com\/de\/wp-json\/wp\/v2\/pages\/4343","targetHints":{"allow":["GET"]}}],"collection":[{"href":"https:\/\/boards-beans.com\/de\/wp-json\/wp\/v2\/pages"}],"about":[{"href":"https:\/\/boards-beans.com\/de\/wp-json\/wp\/v2\/types\/page"}],"author":[{"embeddable":true,"href":"https:\/\/boards-beans.com\/de\/wp-json\/wp\/v2\/users\/1"}],"replies":[{"embeddable":true,"href":"https:\/\/boards-beans.com\/de\/wp-json\/wp\/v2\/comments?post=4343"}],"version-history":[{"count":1,"href":"https:\/\/boards-beans.com\/de\/wp-json\/wp\/v2\/pages\/4343\/revisions"}],"predecessor-version":[{"id":4344,"href":"https:\/\/boards-beans.com\/de\/wp-json\/wp\/v2\/pages\/4343\/revisions\/4344"}],"wp:attachment":[{"href":"https:\/\/boards-beans.com\/de\/wp-json\/wp\/v2\/media?parent=4343"}],"curies":[{"name":"wp","href":"https:\/\/api.w.org\/{rel}","templated":true}]}}