{"id":2445,"date":"2024-02-06T20:51:49","date_gmt":"2024-02-06T19:51:49","guid":{"rendered":"https:\/\/boards-beans.com\/?post_type=product&#038;p=2445"},"modified":"2025-11-23T17:31:38","modified_gmt":"2025-11-23T16:31:38","slug":"servierbrett-mit-griff-brh3820","status":"publish","type":"product","link":"https:\/\/boards-beans.com\/de\/produkt\/servierbrett-mit-griff-brh3820\/","title":{"rendered":"Servierbrett mit Griff, 38 x 20 cm"},"content":{"rendered":"<p>Dieses Servierbrett aus Holz hat eine Gr\u00f6\u00dfe von 38 x 20 cm und eignet sich damit perfekt f\u00fcr jede Gelegenheit. Es besteht aus hochwertigem Buchenholz; die \u00d6lbeschichtung unterstreicht seine nat\u00fcrliche Sch\u00f6nheit und sorgt f\u00fcr geringen Pflegeaufwand. Das Brett verf\u00fcgt au\u00dferdem \u00fcber eine raffinierte Saftrille, damit Feuchtigkeit und S\u00e4fte nicht vom Brett herunterlaufen \u2013 so wird es noch vielseitiger einsetzbar. Setzen Sie ein St\u00fcck Seil (nicht im Lieferumfang enthalten) an, damit Ihr Brett perfekt wird.  <\/p>\n<p>&nbsp;<\/p>\n","protected":false},"excerpt":{"rendered":"<p>Dieses Servierbrett aus Holz hat eine Gr\u00f6\u00dfe von 38 x 20 cm und eignet sich damit perfekt f\u00fcr jede Gelegenheit. Es besteht aus hochwertigem Buchenholz; die \u00d6lbeschichtung unterstreicht seine nat\u00fcrliche Sch\u00f6nheit und sorgt f\u00fcr geringen Pflegeaufwand. Das Brett verf\u00fcgt au\u00dferdem \u00fcber eine raffinierte Saftrille, damit Feuchtigkeit und S\u00e4fte nicht vom Brett herunterlaufen \u2013 so wird [&hellip;]<\/p>\n","protected":false},"featured_media":3269,"template":"","meta":{"_uag_custom_page_level_css":"","site-sidebar-layout":"default","site-content-layout":"default","ast-site-content-layout":"default","site-content-style":"default","site-sidebar-style":"default","ast-global-header-display":"","ast-banner-title-visibility":"","ast-main-header-display":"","ast-hfb-above-header-display":"","ast-hfb-below-header-display":"","ast-hfb-mobile-header-display":"","site-post-title":"","ast-breadcrumbs-content":"","ast-featured-img":"","footer-sml-layout":"","theme-transparent-header-meta":"default","adv-header-id-meta":"","stick-header-meta":"","header-above-stick-meta":"","header-main-stick-meta":"","header-below-stick-meta":"","astra-migrate-meta-layouts":"set","ast-page-background-enabled":"default","ast-page-background-meta":{"desktop":{"background-color":"var(--ast-global-color-4)","background-image":"","background-repeat":"repeat","background-position":"center center","background-size":"auto","background-attachment":"scroll","background-type":"","background-media":"","overlay-type":"","overlay-color":"","overlay-opacity":"","overlay-gradient":""},"tablet":{"background-color":"","background-image":"","background-repeat":"repeat","background-position":"center center","background-size":"auto","background-attachment":"scroll","background-type":"","background-media":"","overlay-type":"","overlay-color":"","overlay-opacity":"","overlay-gradient":""},"mobile":{"background-color":"","background-image":"","background-repeat":"repeat","background-position":"center center","background-size":"auto","background-attachment":"scroll","background-type":"","background-media":"","overlay-type":"","overlay-color":"","overlay-opacity":"","overlay-gradient":""}},"ast-content-background-meta":{"desktop":{"background-color":"var(--ast-global-color-5)","background-image":"","background-repeat":"repeat","background-position":"center center","background-size":"auto","background-attachment":"scroll","background-type":"","background-media":"","overlay-type":"","overlay-color":"","overlay-opacity":"","overlay-gradient":""},"tablet":{"background-color":"var(--ast-global-color-5)","background-image":"","background-repeat":"repeat","background-position":"center center","background-size":"auto","background-attachment":"scroll","background-type":"","background-media":"","overlay-type":"","overlay-color":"","overlay-opacity":"","overlay-gradient":""},"mobile":{"background-color":"var(--ast-global-color-5)","background-image":"","background-repeat":"repeat","background-position":"center center","background-size":"auto","background-attachment":"scroll","background-type":"","background-media":"","overlay-type":"","overlay-color":"","overlay-opacity":"","overlay-gradient":""}}},"product_brand":[],"product_cat":[41],"product_tag":[],"class_list":{"0":"post-2445","1":"product","2":"type-product","3":"status-publish","4":"has-post-thumbnail","6":"product_cat-schneidebretter","7":"desktop-align-left","8":"tablet-align-left","9":"mobile-align-left","11":"first","12":"instock","13":"taxable","14":"shipping-taxable","15":"product-type-simple"},"uagb_featured_image_src":{"full":["https:\/\/boards-beans.com\/wp-content\/uploads\/2024\/07\/cutting-board-with-handle-3820-scaled.jpg",2560,2560,false],"thumbnail":["https:\/\/boards-beans.com\/wp-content\/uploads\/2024\/07\/cutting-board-with-handle-3820-150x150.jpg",150,150,true],"medium":["https:\/\/boards-beans.com\/wp-content\/uploads\/2024\/07\/cutting-board-with-handle-3820-300x300.jpg",300,300,true],"medium_large":["https:\/\/boards-beans.com\/wp-content\/uploads\/2024\/07\/cutting-board-with-handle-3820-768x768.jpg",768,768,true],"large":["https:\/\/boards-beans.com\/wp-content\/uploads\/2024\/07\/cutting-board-with-handle-3820-1024x1024.jpg",1024,1024,true],"1536x1536":["https:\/\/boards-beans.com\/wp-content\/uploads\/2024\/07\/cutting-board-with-handle-3820-1536x1536.jpg",1536,1536,true],"2048x2048":["https:\/\/boards-beans.com\/wp-content\/uploads\/2024\/07\/cutting-board-with-handle-3820-2048x2048.jpg",2048,2048,true],"woocommerce_thumbnail":["https:\/\/boards-beans.com\/wp-content\/uploads\/2024\/07\/cutting-board-with-handle-3820-scaled-800x800.jpg",800,800,true],"woocommerce_single":["https:\/\/boards-beans.com\/wp-content\/uploads\/2024\/07\/cutting-board-with-handle-3820-scaled-800x800.jpg",800,800,true],"woocommerce_gallery_thumbnail":["https:\/\/boards-beans.com\/wp-content\/uploads\/2024\/07\/cutting-board-with-handle-3820-scaled-100x100.jpg",100,100,true]},"uagb_author_info":{"display_name":"boardsbeans","author_link":"https:\/\/boards-beans.com\/de\/author\/"},"uagb_comment_info":0,"uagb_excerpt":"Dieses Servierbrett aus Holz hat eine Gr\u00f6\u00dfe von 38 x 20 cm und eignet sich damit perfekt f\u00fcr jede Gelegenheit. Es besteht aus hochwertigem Buchenholz; die \u00d6lbeschichtung unterstreicht seine nat\u00fcrliche Sch\u00f6nheit und sorgt f\u00fcr geringen Pflegeaufwand. Das Brett verf\u00fcgt au\u00dferdem \u00fcber eine raffinierte Saftrille, damit Feuchtigkeit und S\u00e4fte nicht vom Brett herunterlaufen \u2013 so wird&hellip;","_links":{"self":[{"href":"https:\/\/boards-beans.com\/de\/wp-json\/wp\/v2\/product\/2445","targetHints":{"allow":["GET"]}}],"collection":[{"href":"https:\/\/boards-beans.com\/de\/wp-json\/wp\/v2\/product"}],"about":[{"href":"https:\/\/boards-beans.com\/de\/wp-json\/wp\/v2\/types\/product"}],"wp:featuredmedia":[{"embeddable":true,"href":"https:\/\/boards-beans.com\/de\/wp-json\/wp\/v2\/media\/3269"}],"wp:attachment":[{"href":"https:\/\/boards-beans.com\/de\/wp-json\/wp\/v2\/media?parent=2445"}],"wp:term":[{"taxonomy":"product_brand","embeddable":true,"href":"https:\/\/boards-beans.com\/de\/wp-json\/wp\/v2\/product_brand?post=2445"},{"taxonomy":"product_cat","embeddable":true,"href":"https:\/\/boards-beans.com\/de\/wp-json\/wp\/v2\/product_cat?post=2445"},{"taxonomy":"product_tag","embeddable":true,"href":"https:\/\/boards-beans.com\/de\/wp-json\/wp\/v2\/product_tag?post=2445"}],"curies":[{"name":"wp","href":"https:\/\/api.w.org\/{rel}","templated":true}]}}