{"id":3697,"date":"2025-09-29T15:10:12","date_gmt":"2025-09-29T13:10:12","guid":{"rendered":"https:\/\/boards-beans.com\/?post_type=product&#038;p=3697"},"modified":"2025-11-18T12:34:25","modified_gmt":"2025-11-18T11:34:25","slug":"tapasbrett-50-x-14-cm","status":"publish","type":"product","link":"https:\/\/boards-beans.com\/de\/produkt\/tapasbrett-50-x-14-cm\/","title":{"rendered":"Tapasbrett 50 x 14 cm"},"content":{"rendered":"<p>Dieses elegante und vielseitige Tapasbrett aus hochwertigem Buchenholz eignet sich perfekt, um H\u00e4ppchen, K\u00e4se und Tapas stilvoll zu pr\u00e4sentieren. Mit einer Gr\u00f6\u00dfe von 50 x 14 cm hat das Brett ein schmales Design, ist jedoch ideal zum Servieren von Tapas. Der ergonomische Griff und die robuste Juteschnur sorgen daf\u00fcr, dass das Brett leicht zu handhaben und aufzuh\u00e4ngen ist.  <\/p>\n<p>Das Brett ist aus nachhaltigem Buchenholz gefertigt und mit einer lebensmittelechten \u00d6l-Beschichtung veredelt, die f\u00fcr zus\u00e4tzlichen Schutz und eine lange Lebensdauer sorgt. Dank des zeitlosen und minimalistischen Designs l\u00e4sst sich das Brett leicht reinigen und vielseitig einsetzen. Eine wundersch\u00f6ne Erg\u00e4nzung f\u00fcr jede K\u00fcche oder jeden gedeckten Tisch \u2013 perfekt f\u00fcr den t\u00e4glichen Gebrauch oder als stilvolles Geschenk!  <\/p>\n","protected":false},"excerpt":{"rendered":"<p>Dieses elegante und vielseitige Tapasbrett aus hochwertigem Buchenholz eignet sich perfekt, um H\u00e4ppchen, K\u00e4se und Tapas stilvoll zu pr\u00e4sentieren. Mit einer Gr\u00f6\u00dfe von 50 x 14 cm hat das Brett ein schmales Design, ist jedoch ideal zum Servieren von Tapas. Der ergonomische Griff und die robuste Juteschnur sorgen daf\u00fcr, dass das Brett leicht zu handhaben [&hellip;]<\/p>\n","protected":false},"featured_media":4079,"template":"","meta":{"_uag_custom_page_level_css":"","site-sidebar-layout":"default","site-content-layout":"default","ast-site-content-layout":"default","site-content-style":"default","site-sidebar-style":"default","ast-global-header-display":"","ast-banner-title-visibility":"","ast-main-header-display":"","ast-hfb-above-header-display":"","ast-hfb-below-header-display":"","ast-hfb-mobile-header-display":"","site-post-title":"","ast-breadcrumbs-content":"","ast-featured-img":"","footer-sml-layout":"","theme-transparent-header-meta":"default","adv-header-id-meta":"","stick-header-meta":"","header-above-stick-meta":"","header-main-stick-meta":"","header-below-stick-meta":"","astra-migrate-meta-layouts":"set","ast-page-background-enabled":"default","ast-page-background-meta":{"desktop":{"background-color":"var(--ast-global-color-4)","background-image":"","background-repeat":"repeat","background-position":"center center","background-size":"auto","background-attachment":"scroll","background-type":"","background-media":"","overlay-type":"","overlay-color":"","overlay-opacity":"","overlay-gradient":""},"tablet":{"background-color":"","background-image":"","background-repeat":"repeat","background-position":"center center","background-size":"auto","background-attachment":"scroll","background-type":"","background-media":"","overlay-type":"","overlay-color":"","overlay-opacity":"","overlay-gradient":""},"mobile":{"background-color":"","background-image":"","background-repeat":"repeat","background-position":"center center","background-size":"auto","background-attachment":"scroll","background-type":"","background-media":"","overlay-type":"","overlay-color":"","overlay-opacity":"","overlay-gradient":""}},"ast-content-background-meta":{"desktop":{"background-color":"var(--ast-global-color-5)","background-image":"","background-repeat":"repeat","background-position":"center center","background-size":"auto","background-attachment":"scroll","background-type":"","background-media":"","overlay-type":"","overlay-color":"","overlay-opacity":"","overlay-gradient":""},"tablet":{"background-color":"var(--ast-global-color-5)","background-image":"","background-repeat":"repeat","background-position":"center center","background-size":"auto","background-attachment":"scroll","background-type":"","background-media":"","overlay-type":"","overlay-color":"","overlay-opacity":"","overlay-gradient":""},"mobile":{"background-color":"var(--ast-global-color-5)","background-image":"","background-repeat":"repeat","background-position":"center center","background-size":"auto","background-attachment":"scroll","background-type":"","background-media":"","overlay-type":"","overlay-color":"","overlay-opacity":"","overlay-gradient":""}}},"product_brand":[],"product_cat":[41],"product_tag":[],"class_list":{"0":"post-3697","1":"product","2":"type-product","3":"status-publish","4":"has-post-thumbnail","6":"product_cat-schneidebretter","7":"desktop-align-left","8":"tablet-align-left","9":"mobile-align-left","11":"first","12":"instock","13":"taxable","14":"shipping-taxable","15":"product-type-simple"},"uagb_featured_image_src":{"full":["https:\/\/boards-beans.com\/wp-content\/uploads\/DSC00259-scaled.jpg",2560,2560,false],"thumbnail":["https:\/\/boards-beans.com\/wp-content\/uploads\/DSC00259-150x150.jpg",150,150,true],"medium":["https:\/\/boards-beans.com\/wp-content\/uploads\/DSC00259-300x300.jpg",300,300,true],"medium_large":["https:\/\/boards-beans.com\/wp-content\/uploads\/DSC00259-768x768.jpg",768,768,true],"large":["https:\/\/boards-beans.com\/wp-content\/uploads\/DSC00259-1024x1024.jpg",1024,1024,true],"1536x1536":["https:\/\/boards-beans.com\/wp-content\/uploads\/DSC00259-1536x1536.jpg",1536,1536,true],"2048x2048":["https:\/\/boards-beans.com\/wp-content\/uploads\/DSC00259-2048x2048.jpg",2048,2048,true],"woocommerce_thumbnail":["https:\/\/boards-beans.com\/wp-content\/uploads\/DSC00259-800x800.jpg",800,800,true],"woocommerce_single":["https:\/\/boards-beans.com\/wp-content\/uploads\/DSC00259-800x800.jpg",800,800,true],"woocommerce_gallery_thumbnail":["https:\/\/boards-beans.com\/wp-content\/uploads\/DSC00259-100x100.jpg",100,100,true]},"uagb_author_info":{"display_name":"boardsbeans","author_link":"https:\/\/boards-beans.com\/de\/author\/"},"uagb_comment_info":0,"uagb_excerpt":"Dieses elegante und vielseitige Tapasbrett aus hochwertigem Buchenholz eignet sich perfekt, um H\u00e4ppchen, K\u00e4se und Tapas stilvoll zu pr\u00e4sentieren. Mit einer Gr\u00f6\u00dfe von 50 x 14 cm hat das Brett ein schmales Design, ist jedoch ideal zum Servieren von Tapas. Der ergonomische Griff und die robuste Juteschnur sorgen daf\u00fcr, dass das Brett leicht zu handhaben&hellip;","_links":{"self":[{"href":"https:\/\/boards-beans.com\/de\/wp-json\/wp\/v2\/product\/3697","targetHints":{"allow":["GET"]}}],"collection":[{"href":"https:\/\/boards-beans.com\/de\/wp-json\/wp\/v2\/product"}],"about":[{"href":"https:\/\/boards-beans.com\/de\/wp-json\/wp\/v2\/types\/product"}],"wp:featuredmedia":[{"embeddable":true,"href":"https:\/\/boards-beans.com\/de\/wp-json\/wp\/v2\/media\/4079"}],"wp:attachment":[{"href":"https:\/\/boards-beans.com\/de\/wp-json\/wp\/v2\/media?parent=3697"}],"wp:term":[{"taxonomy":"product_brand","embeddable":true,"href":"https:\/\/boards-beans.com\/de\/wp-json\/wp\/v2\/product_brand?post=3697"},{"taxonomy":"product_cat","embeddable":true,"href":"https:\/\/boards-beans.com\/de\/wp-json\/wp\/v2\/product_cat?post=3697"},{"taxonomy":"product_tag","embeddable":true,"href":"https:\/\/boards-beans.com\/de\/wp-json\/wp\/v2\/product_tag?post=3697"}],"curies":[{"name":"wp","href":"https:\/\/api.w.org\/{rel}","templated":true}]}}