{"id":3850,"date":"2025-11-12T11:49:33","date_gmt":"2025-11-12T10:49:33","guid":{"rendered":"https:\/\/boards-beans.com\/?post_type=product&#038;p=3850"},"modified":"2025-11-18T12:38:46","modified_gmt":"2025-11-18T11:38:46","slug":"servierbrett-mit-ledergriffen-49-x-18","status":"publish","type":"product","link":"https:\/\/boards-beans.com\/de\/produkt\/servierbrett-mit-ledergriffen-49-x-18\/","title":{"rendered":"Servierbrett mit Griffen 49 x 18 cm"},"content":{"rendered":"<p>Dieses elegante und vielseitige Servierbrett aus hochwertigem Buchenholz ist ideal, um Snacks, K\u00e4se und Tapas stilvoll zu pr\u00e4sentieren. Mit seinem gro\u00dfz\u00fcgigen Format von 49 x 18 cm bietet es viel Platz und eignet sich perfekt zum Servieren am Tisch oder auf einer gr\u00f6\u00dferen Platte. Dank der sch\u00f6nen Griffe in Lederoptik hat das Brett einen zeitlosen und robusten Charakter.  <\/p>\n<p>Das Brett ist aus nachhaltigem Buchenholz gefertigt und mit einer lebensmittelechten \u00d6l-Beschichtung veredelt, die f\u00fcr zus\u00e4tzlichen Schutz und eine lange Lebensdauer sorgt. Dank des zeitlosen und minimalistischen Designs l\u00e4sst sich das Brett leicht reinigen und vielseitig einsetzen. Eine wundersch\u00f6ne Erg\u00e4nzung f\u00fcr jede K\u00fcche oder jeden gedeckten Tisch \u2013 perfekt f\u00fcr den t\u00e4glichen Gebrauch oder als stilvolles Geschenk!  <\/p>\n<p><strong>Achtung: <\/strong>Durch den Versand k\u00f6nnen die Griffe Falten bekommen. Das l\u00e4sst sich beheben, indem du sie nach dem Auspacken einfach etwas aush\u00e4ngen l\u00e4sst oder sie vorsichtig mit einem F\u00f6hn auf niedriger Stufe erw\u00e4rmst. <\/p>\n","protected":false},"excerpt":{"rendered":"<p>Dieses elegante und vielseitige Servierbrett aus hochwertigem Buchenholz ist ideal, um Snacks, K\u00e4se und Tapas stilvoll zu pr\u00e4sentieren. Mit seinem gro\u00dfz\u00fcgigen Format von 49 x 18 cm bietet es viel Platz und eignet sich perfekt zum Servieren am Tisch oder auf einer gr\u00f6\u00dferen Platte. Dank der sch\u00f6nen Griffe in Lederoptik hat das Brett einen zeitlosen [&hellip;]<\/p>\n","protected":false},"featured_media":4083,"template":"","meta":{"_uag_custom_page_level_css":"","site-sidebar-layout":"default","site-content-layout":"default","ast-site-content-layout":"default","site-content-style":"default","site-sidebar-style":"default","ast-global-header-display":"","ast-banner-title-visibility":"","ast-main-header-display":"","ast-hfb-above-header-display":"","ast-hfb-below-header-display":"","ast-hfb-mobile-header-display":"","site-post-title":"","ast-breadcrumbs-content":"","ast-featured-img":"","footer-sml-layout":"","theme-transparent-header-meta":"default","adv-header-id-meta":"","stick-header-meta":"","header-above-stick-meta":"","header-main-stick-meta":"","header-below-stick-meta":"","astra-migrate-meta-layouts":"set","ast-page-background-enabled":"default","ast-page-background-meta":{"desktop":{"background-color":"var(--ast-global-color-4)","background-image":"","background-repeat":"repeat","background-position":"center center","background-size":"auto","background-attachment":"scroll","background-type":"","background-media":"","overlay-type":"","overlay-color":"","overlay-opacity":"","overlay-gradient":""},"tablet":{"background-color":"","background-image":"","background-repeat":"repeat","background-position":"center center","background-size":"auto","background-attachment":"scroll","background-type":"","background-media":"","overlay-type":"","overlay-color":"","overlay-opacity":"","overlay-gradient":""},"mobile":{"background-color":"","background-image":"","background-repeat":"repeat","background-position":"center center","background-size":"auto","background-attachment":"scroll","background-type":"","background-media":"","overlay-type":"","overlay-color":"","overlay-opacity":"","overlay-gradient":""}},"ast-content-background-meta":{"desktop":{"background-color":"var(--ast-global-color-5)","background-image":"","background-repeat":"repeat","background-position":"center center","background-size":"auto","background-attachment":"scroll","background-type":"","background-media":"","overlay-type":"","overlay-color":"","overlay-opacity":"","overlay-gradient":""},"tablet":{"background-color":"var(--ast-global-color-5)","background-image":"","background-repeat":"repeat","background-position":"center center","background-size":"auto","background-attachment":"scroll","background-type":"","background-media":"","overlay-type":"","overlay-color":"","overlay-opacity":"","overlay-gradient":""},"mobile":{"background-color":"var(--ast-global-color-5)","background-image":"","background-repeat":"repeat","background-position":"center center","background-size":"auto","background-attachment":"scroll","background-type":"","background-media":"","overlay-type":"","overlay-color":"","overlay-opacity":"","overlay-gradient":""}}},"product_brand":[],"product_cat":[41],"product_tag":[],"class_list":{"0":"post-3850","1":"product","2":"type-product","3":"status-publish","4":"has-post-thumbnail","6":"product_cat-schneidebretter","7":"desktop-align-left","8":"tablet-align-left","9":"mobile-align-left","11":"first","12":"instock","13":"taxable","14":"shipping-taxable","15":"product-type-simple"},"uagb_featured_image_src":{"full":["https:\/\/boards-beans.com\/wp-content\/uploads\/DSC00264-scaled.jpg",2560,2560,false],"thumbnail":["https:\/\/boards-beans.com\/wp-content\/uploads\/DSC00264-150x150.jpg",150,150,true],"medium":["https:\/\/boards-beans.com\/wp-content\/uploads\/DSC00264-300x300.jpg",300,300,true],"medium_large":["https:\/\/boards-beans.com\/wp-content\/uploads\/DSC00264-768x768.jpg",768,768,true],"large":["https:\/\/boards-beans.com\/wp-content\/uploads\/DSC00264-1024x1024.jpg",1024,1024,true],"1536x1536":["https:\/\/boards-beans.com\/wp-content\/uploads\/DSC00264-1536x1536.jpg",1536,1536,true],"2048x2048":["https:\/\/boards-beans.com\/wp-content\/uploads\/DSC00264-2048x2048.jpg",2048,2048,true],"woocommerce_thumbnail":["https:\/\/boards-beans.com\/wp-content\/uploads\/DSC00264-800x800.jpg",800,800,true],"woocommerce_single":["https:\/\/boards-beans.com\/wp-content\/uploads\/DSC00264-800x800.jpg",800,800,true],"woocommerce_gallery_thumbnail":["https:\/\/boards-beans.com\/wp-content\/uploads\/DSC00264-100x100.jpg",100,100,true]},"uagb_author_info":{"display_name":"boardsbeans","author_link":"https:\/\/boards-beans.com\/de\/author\/"},"uagb_comment_info":0,"uagb_excerpt":"Dieses elegante und vielseitige Servierbrett aus hochwertigem Buchenholz ist ideal, um Snacks, K\u00e4se und Tapas stilvoll zu pr\u00e4sentieren. Mit seinem gro\u00dfz\u00fcgigen Format von 49 x 18 cm bietet es viel Platz und eignet sich perfekt zum Servieren am Tisch oder auf einer gr\u00f6\u00dferen Platte. Dank der sch\u00f6nen Griffe in Lederoptik hat das Brett einen zeitlosen&hellip;","_links":{"self":[{"href":"https:\/\/boards-beans.com\/de\/wp-json\/wp\/v2\/product\/3850","targetHints":{"allow":["GET"]}}],"collection":[{"href":"https:\/\/boards-beans.com\/de\/wp-json\/wp\/v2\/product"}],"about":[{"href":"https:\/\/boards-beans.com\/de\/wp-json\/wp\/v2\/types\/product"}],"wp:featuredmedia":[{"embeddable":true,"href":"https:\/\/boards-beans.com\/de\/wp-json\/wp\/v2\/media\/4083"}],"wp:attachment":[{"href":"https:\/\/boards-beans.com\/de\/wp-json\/wp\/v2\/media?parent=3850"}],"wp:term":[{"taxonomy":"product_brand","embeddable":true,"href":"https:\/\/boards-beans.com\/de\/wp-json\/wp\/v2\/product_brand?post=3850"},{"taxonomy":"product_cat","embeddable":true,"href":"https:\/\/boards-beans.com\/de\/wp-json\/wp\/v2\/product_cat?post=3850"},{"taxonomy":"product_tag","embeddable":true,"href":"https:\/\/boards-beans.com\/de\/wp-json\/wp\/v2\/product_tag?post=3850"}],"curies":[{"name":"wp","href":"https:\/\/api.w.org\/{rel}","templated":true}]}}