{"id":3858,"date":"2025-11-12T12:11:31","date_gmt":"2025-11-12T11:11:31","guid":{"rendered":"https:\/\/boards-beans.com\/?post_type=product&#038;p=3858"},"modified":"2026-04-19T17:53:48","modified_gmt":"2026-04-19T15:53:48","slug":"runde-servierplatte-mit-griff-o-35-cm","status":"publish","type":"product","link":"https:\/\/boards-beans.com\/de\/produkt\/runde-servierplatte-mit-griff-o-35-cm\/","title":{"rendered":"Runde Pizzaplatte mit Griff \u00d8 35 cm"},"content":{"rendered":"<p>Deze stijlvolle ronde borrelplank van hoogwaardig beukenhout is perfect voor het serveren van hapjes, kazen en tapas.<br \/>\nMet een doorsnede van 35 cm en een totale lengte van 43 cm, inclusief handvat, biedt de plank volop ruimte voor een sfeervolle presentatie.<br \/>\nHet ergonomische handvat en het stevige jute touwtje maken de plank eenvoudig te verplaatsen en op te hangen.  <\/p>\n<p>Das Brett besteht aus langlebigem Buchenholz und ist mit einem lebensmittelechten \u00d6l veredelt, was f\u00fcr zus\u00e4tzlichen Schutz und eine lange Lebensdauer sorgt. Dank des schlichten Designs ohne Saftrille l\u00e4sst sich das Brett leicht reinigen und vielseitig verwenden. Eine perfekte Erg\u00e4nzung f\u00fcr jeden Ap\u00e9rotisch und ein stilvolles Geschenk f\u00fcr alle, die gutes Essen und gem\u00fctliche Momente lieben!<\/p>\n","protected":false},"excerpt":{"rendered":"<p>Deze stijlvolle ronde borrelplank van hoogwaardig beukenhout is perfect voor het serveren van hapjes, kazen en tapas. Met een doorsnede van 35 cm en een totale lengte van 43 cm, inclusief handvat, biedt de plank volop ruimte voor een sfeervolle presentatie. Het ergonomische handvat en het stevige jute touwtje maken de plank eenvoudig te verplaatsen [&hellip;]<\/p>\n","protected":false},"featured_media":4075,"template":"","meta":{"_uag_custom_page_level_css":"","site-sidebar-layout":"default","site-content-layout":"default","ast-site-content-layout":"default","site-content-style":"default","site-sidebar-style":"default","ast-global-header-display":"","ast-banner-title-visibility":"","ast-main-header-display":"","ast-hfb-above-header-display":"","ast-hfb-below-header-display":"","ast-hfb-mobile-header-display":"","site-post-title":"","ast-breadcrumbs-content":"","ast-featured-img":"","footer-sml-layout":"","theme-transparent-header-meta":"default","adv-header-id-meta":"","stick-header-meta":"","header-above-stick-meta":"","header-main-stick-meta":"","header-below-stick-meta":"","astra-migrate-meta-layouts":"set","ast-page-background-enabled":"default","ast-page-background-meta":{"desktop":{"background-color":"var(--ast-global-color-4)","background-image":"","background-repeat":"repeat","background-position":"center center","background-size":"auto","background-attachment":"scroll","background-type":"","background-media":"","overlay-type":"","overlay-color":"","overlay-opacity":"","overlay-gradient":""},"tablet":{"background-color":"","background-image":"","background-repeat":"repeat","background-position":"center center","background-size":"auto","background-attachment":"scroll","background-type":"","background-media":"","overlay-type":"","overlay-color":"","overlay-opacity":"","overlay-gradient":""},"mobile":{"background-color":"","background-image":"","background-repeat":"repeat","background-position":"center center","background-size":"auto","background-attachment":"scroll","background-type":"","background-media":"","overlay-type":"","overlay-color":"","overlay-opacity":"","overlay-gradient":""}},"ast-content-background-meta":{"desktop":{"background-color":"var(--ast-global-color-5)","background-image":"","background-repeat":"repeat","background-position":"center center","background-size":"auto","background-attachment":"scroll","background-type":"","background-media":"","overlay-type":"","overlay-color":"","overlay-opacity":"","overlay-gradient":""},"tablet":{"background-color":"var(--ast-global-color-5)","background-image":"","background-repeat":"repeat","background-position":"center center","background-size":"auto","background-attachment":"scroll","background-type":"","background-media":"","overlay-type":"","overlay-color":"","overlay-opacity":"","overlay-gradient":""},"mobile":{"background-color":"var(--ast-global-color-5)","background-image":"","background-repeat":"repeat","background-position":"center center","background-size":"auto","background-attachment":"scroll","background-type":"","background-media":"","overlay-type":"","overlay-color":"","overlay-opacity":"","overlay-gradient":""}}},"product_brand":[],"product_cat":[41],"product_tag":[],"class_list":{"0":"post-3858","1":"product","2":"type-product","3":"status-publish","4":"has-post-thumbnail","6":"product_cat-schneidebretter","7":"desktop-align-left","8":"tablet-align-left","9":"mobile-align-left","11":"first","12":"instock","13":"taxable","14":"shipping-taxable","15":"product-type-simple"},"uagb_featured_image_src":{"full":["https:\/\/boards-beans.com\/wp-content\/uploads\/DSC00258-scaled.jpg",2560,2560,false],"thumbnail":["https:\/\/boards-beans.com\/wp-content\/uploads\/DSC00258-150x150.jpg",150,150,true],"medium":["https:\/\/boards-beans.com\/wp-content\/uploads\/DSC00258-300x300.jpg",300,300,true],"medium_large":["https:\/\/boards-beans.com\/wp-content\/uploads\/DSC00258-768x768.jpg",768,768,true],"large":["https:\/\/boards-beans.com\/wp-content\/uploads\/DSC00258-1024x1024.jpg",1024,1024,true],"1536x1536":["https:\/\/boards-beans.com\/wp-content\/uploads\/DSC00258-1536x1536.jpg",1536,1536,true],"2048x2048":["https:\/\/boards-beans.com\/wp-content\/uploads\/DSC00258-2048x2048.jpg",2048,2048,true],"woocommerce_thumbnail":["https:\/\/boards-beans.com\/wp-content\/uploads\/DSC00258-800x800.jpg",800,800,true],"woocommerce_single":["https:\/\/boards-beans.com\/wp-content\/uploads\/DSC00258-800x800.jpg",800,800,true],"woocommerce_gallery_thumbnail":["https:\/\/boards-beans.com\/wp-content\/uploads\/DSC00258-100x100.jpg",100,100,true]},"uagb_author_info":{"display_name":"boardsbeans","author_link":"https:\/\/boards-beans.com\/de\/author\/"},"uagb_comment_info":0,"uagb_excerpt":"Deze stijlvolle ronde borrelplank van hoogwaardig beukenhout is perfect voor het serveren van hapjes, kazen en tapas. Met een doorsnede van 35 cm en een totale lengte van 43 cm, inclusief handvat, biedt de plank volop ruimte voor een sfeervolle presentatie. Het ergonomische handvat en het stevige jute touwtje maken de plank eenvoudig te verplaatsen&hellip;","_links":{"self":[{"href":"https:\/\/boards-beans.com\/de\/wp-json\/wp\/v2\/product\/3858","targetHints":{"allow":["GET"]}}],"collection":[{"href":"https:\/\/boards-beans.com\/de\/wp-json\/wp\/v2\/product"}],"about":[{"href":"https:\/\/boards-beans.com\/de\/wp-json\/wp\/v2\/types\/product"}],"wp:featuredmedia":[{"embeddable":true,"href":"https:\/\/boards-beans.com\/de\/wp-json\/wp\/v2\/media\/4075"}],"wp:attachment":[{"href":"https:\/\/boards-beans.com\/de\/wp-json\/wp\/v2\/media?parent=3858"}],"wp:term":[{"taxonomy":"product_brand","embeddable":true,"href":"https:\/\/boards-beans.com\/de\/wp-json\/wp\/v2\/product_brand?post=3858"},{"taxonomy":"product_cat","embeddable":true,"href":"https:\/\/boards-beans.com\/de\/wp-json\/wp\/v2\/product_cat?post=3858"},{"taxonomy":"product_tag","embeddable":true,"href":"https:\/\/boards-beans.com\/de\/wp-json\/wp\/v2\/product_tag?post=3858"}],"curies":[{"name":"wp","href":"https:\/\/api.w.org\/{rel}","templated":true}]}}