{"id":4253,"date":"2026-02-18T10:44:45","date_gmt":"2026-02-18T09:44:45","guid":{"rendered":"https:\/\/boards-beans.com\/samples\/"},"modified":"2026-02-18T13:40:21","modified_gmt":"2026-02-18T12:40:21","slug":"samples","status":"publish","type":"page","link":"https:\/\/boards-beans.com\/fr\/samples\/","title":{"rendered":"Samples"},"content":{"rendered":"\n<h2 class=\"wp-block-heading has-text-align-center\" style=\"padding-top:var(--wp--preset--spacing--50);padding-bottom:var(--wp--preset--spacing--50)\">Convainquez-vous : Commandez notre Pack \u00c9chantillon<\/h2>\n\n<div class=\"wp-block-uagb-container uagb-block-oszlhta9 alignfull uagb-is-root-container\"><div class=\"uagb-container-inner-blocks-wrap\">\n<div class=\"wp-block-uagb-container uagb-block-be17lhlc\">\n<div class=\"wp-block-uagb-info-box uagb-block-oubzjifv uagb-infobox__content-wrap  uagb-infobox-icon-above-title uagb-infobox-image-valign-top\"><div class=\"uagb-ifb-content\"><div class=\"uagb-ifb-title-wrap\"><\/div><p class=\"uagb-ifb-desc\">Souhaitez-vous d&rsquo;abord d\u00e9couvrir la qualit\u00e9 et la finition de Boards &amp; Beans par vous-m\u00eame avant de cr\u00e9er un compte ? Pour seulement <strong>25 \u20ac (HT)<\/strong>, nous vous envoyons trois planches ap\u00e9ritives al\u00e9atoires de notre assortiment. <br \/><br \/><strong>Pourquoi commander un pack \u00e9chantillon ?<\/strong><br \/><br \/><strong>Contr\u00f4le de qualit\u00e9:<\/strong> Sentez le poids, observez les veines et d\u00e9couvrez la finition premium de notre bois.<br \/><br \/><strong>Testez les possibilit\u00e9s:<\/strong> Parfait pour tester avec votre propre machine \u00e0 graver ou pour pr\u00e9senter \u00e0 votre \u00e9quipe comme nouvelle solution de service.<br \/><br \/><strong>Sans risque:<\/strong> D\u00e9couvrez pourquoi nos planches permettent des marges allant jusqu&rsquo;\u00e0 500 %.<br \/><br \/><strong>Garantie de remboursement<\/strong><br \/>Si, en tant que nouveau client, vous passez une commande dans les 30 jours suivant la r\u00e9ception pour un montant minimum de<br \/> <strong>250 \u20ac HT <\/strong> de stock, ce pack vous est offert. Envoyez-nous un e-mail apr\u00e8s avoir pass\u00e9 votre commande et nous d\u00e9duirons le montant du pack \u00e9chantillon de votre premi\u00e8re commande. <\/p><\/div><\/div>\n<\/div>\n\n\n\n<div class=\"wp-block-uagb-container uagb-block-dojde1ih\">\n<div class=\"wp-block-uagb-info-box uagb-block-2rtnirnt uagb-infobox__content-wrap  uagb-infobox-icon-above-title uagb-infobox-image-valign-top\"><div class=\"uagb-ifb-content\"><div class=\"uagb-ifb-title-wrap\"><h3 class=\"uagb-ifb-title\">Demandez vos \u00e9chantillons<\/h3><\/div><p class=\"uagb-ifb-desc\">Laissez vos coordonn\u00e9es et vous recevrez de notre part un lien de paiement pour r\u00e9gler votre pack.<\/p><\/div><\/div>\n\n\n<div class=\"wpforms-container wpforms-block wpforms-block-64075e52-7b3f-490d-a82e-2299dd42c3c8\" id=\"wpforms-4201\"><form id=\"wpforms-form-4201\" class=\"wpforms-validate wpforms-form wpforms-ajax-form\" data-formid=\"4201\" method=\"post\" enctype=\"multipart\/form-data\" action=\"\/fr\/wp-json\/wp\/v2\/pages\/4253\" data-token=\"63380e8c7d04632513efa9e0000f3462\" data-token-time=\"1776467807\"><noscript class=\"wpforms-error-noscript\">Veuillez activer JavaScript dans votre navigateur pour remplir ce formulaire.<\/noscript><div class=\"wpforms-field-container\"><div id=\"wpforms-4201-field_0-container\" class=\"wpforms-field wpforms-field-name\" data-field-id=\"0\"><label class=\"wpforms-field-label\" for=\"wpforms-4201-field_0\">Nom <span class=\"wpforms-required-label\">*<\/span><\/label><input type=\"text\" id=\"wpforms-4201-field_0\" class=\"wpforms-field-large wpforms-field-required\" name=\"wpforms[fields][0]\" required><\/div><div id=\"wpforms-4201-field_5-container\" class=\"wpforms-field wpforms-field-name\" data-field-id=\"5\"><label class=\"wpforms-field-label\" for=\"wpforms-4201-field_5\">Nom de l&#039;entreprise <span class=\"wpforms-required-label\">*<\/span><\/label><input type=\"text\" id=\"wpforms-4201-field_5\" class=\"wpforms-field-large wpforms-field-required\" name=\"wpforms[fields][5]\" required><\/div><div id=\"wpforms-4201-field_3-container\" class=\"wpforms-field wpforms-field-name\" data-field-id=\"3\"><label class=\"wpforms-field-label\" for=\"wpforms-4201-field_3\">Rue et num\u00e9ro de maison <span class=\"wpforms-required-label\">*<\/span><\/label><input type=\"text\" id=\"wpforms-4201-field_3\" class=\"wpforms-field-large wpforms-field-required\" name=\"wpforms[fields][3]\" required><\/div><div id=\"wpforms-4201-field_4-container\" class=\"wpforms-field wpforms-field-name\" data-field-id=\"4\"><label class=\"wpforms-field-label\" for=\"wpforms-4201-field_4\">Code postal et Ville <span class=\"wpforms-required-label\">*<\/span><\/label><input type=\"text\" id=\"wpforms-4201-field_4\" class=\"wpforms-field-large wpforms-field-required\" name=\"wpforms[fields][4]\" required><\/div><div id=\"wpforms-4201-field_1-container\" class=\"wpforms-field wpforms-field-email\" data-field-id=\"1\"><label class=\"wpforms-field-label\" for=\"wpforms-4201-field_1\">E-mail <span class=\"wpforms-required-label\">*<\/span><\/label><input type=\"email\" id=\"wpforms-4201-field_1\" class=\"wpforms-field-large wpforms-field-required\" name=\"wpforms[fields][1]\" spellcheck=\"false\" required><\/div><div id=\"wpforms-4201-field_6-container\" class=\"wpforms-field wpforms-field-email\" data-field-id=\"6\"><label class=\"wpforms-field-label\" for=\"wpforms-4201-field_6\">Num\u00e9ro de t\u00e9l\u00e9phone <span class=\"wpforms-required-label\">*<\/span><\/label><input type=\"email\" id=\"wpforms-4201-field_6\" class=\"wpforms-field-large wpforms-field-required\" name=\"wpforms[fields][6]\" spellcheck=\"false\" required><\/div><div id=\"wpforms-4201-field_2-container\" class=\"wpforms-field wpforms-field-textarea\" data-field-id=\"2\"><label class=\"wpforms-field-label\" for=\"wpforms-4201-field_2\">Message<\/label><textarea id=\"wpforms-4201-field_2\" class=\"wpforms-field-medium\" name=\"wpforms[fields][2]\" ><\/textarea><\/div><\/div><!-- .wpforms-field-container --><div class=\"wpforms-submit-container\" ><input type=\"hidden\" name=\"wpforms[id]\" value=\"4201\"><input type=\"hidden\" name=\"page_title\" value=\"\"><input type=\"hidden\" name=\"page_url\" value=\"https:\/\/boards-beans.com\/fr\/wp-json\/wp\/v2\/pages\/4253\"><input type=\"hidden\" name=\"url_referer\" value=\"\"><button type=\"submit\" name=\"wpforms[submit]\" id=\"wpforms-submit-4201\" class=\"wpforms-submit\" data-alt-text=\"Envoi en cours...\" data-submit-text=\"Envoyer\" aria-live=\"assertive\" value=\"wpforms-submit\">Envoyer<\/button><img loading=\"lazy\" decoding=\"async\" src=\"https:\/\/boards-beans.com\/wp-content\/plugins\/wpforms-lite\/assets\/images\/submit-spin.svg\" class=\"wpforms-submit-spinner\" style=\"display: none;\" width=\"26\" height=\"26\" alt=\"Chargement en cours\"><\/div><\/form><\/div>  <!-- .wpforms-container --><\/div>\n<\/div><\/div>\n","protected":false},"excerpt":{"rendered":"<p>Convainquez-vous : Commandez notre Pack \u00c9chantillon<\/p>\n","protected":false},"author":1,"featured_media":0,"parent":0,"menu_order":0,"comment_status":"closed","ping_status":"closed","template":"","meta":{"_uag_custom_page_level_css":"","site-sidebar-layout":"default","site-content-layout":"","ast-site-content-layout":"default","site-content-style":"unboxed","site-sidebar-style":"default","ast-global-header-display":"","ast-banner-title-visibility":"","ast-main-header-display":"","ast-hfb-above-header-display":"","ast-hfb-below-header-display":"","ast-hfb-mobile-header-display":"","site-post-title":"","ast-breadcrumbs-content":"","ast-featured-img":"","footer-sml-layout":"","theme-transparent-header-meta":"","adv-header-id-meta":"","stick-header-meta":"","header-above-stick-meta":"","header-main-stick-meta":"","header-below-stick-meta":"","astra-migrate-meta-layouts":"default","ast-page-background-enabled":"default","ast-page-background-meta":{"desktop":{"background-color":"var(--ast-global-color-4)","background-image":"","background-repeat":"repeat","background-position":"center center","background-size":"auto","background-attachment":"scroll","background-type":"","background-media":"","overlay-type":"","overlay-color":"","overlay-opacity":"","overlay-gradient":""},"tablet":{"background-color":"","background-image":"","background-repeat":"repeat","background-position":"center center","background-size":"auto","background-attachment":"scroll","background-type":"","background-media":"","overlay-type":"","overlay-color":"","overlay-opacity":"","overlay-gradient":""},"mobile":{"background-color":"","background-image":"","background-repeat":"repeat","background-position":"center center","background-size":"auto","background-attachment":"scroll","background-type":"","background-media":"","overlay-type":"","overlay-color":"","overlay-opacity":"","overlay-gradient":""}},"ast-content-background-meta":{"desktop":{"background-color":"var(--ast-global-color-5)","background-image":"","background-repeat":"repeat","background-position":"center center","background-size":"auto","background-attachment":"scroll","background-type":"","background-media":"","overlay-type":"","overlay-color":"","overlay-opacity":"","overlay-gradient":""},"tablet":{"background-color":"var(--ast-global-color-5)","background-image":"","background-repeat":"repeat","background-position":"center center","background-size":"auto","background-attachment":"scroll","background-type":"","background-media":"","overlay-type":"","overlay-color":"","overlay-opacity":"","overlay-gradient":""},"mobile":{"background-color":"var(--ast-global-color-5)","background-image":"","background-repeat":"repeat","background-position":"center center","background-size":"auto","background-attachment":"scroll","background-type":"","background-media":"","overlay-type":"","overlay-color":"","overlay-opacity":"","overlay-gradient":""}},"footnotes":""},"class_list":["post-4253","page","type-page","status-publish","hentry"],"uagb_featured_image_src":{"full":false,"thumbnail":false,"medium":false,"medium_large":false,"large":false,"1536x1536":false,"2048x2048":false,"woocommerce_thumbnail":false,"woocommerce_single":false,"woocommerce_gallery_thumbnail":false},"uagb_author_info":{"display_name":"boardsbeans","author_link":"https:\/\/boards-beans.com\/fr\/author\/boardsbeans\/"},"uagb_comment_info":0,"uagb_excerpt":"Convainquez-vous : Commandez notre Pack \u00c9chantillon","_links":{"self":[{"href":"https:\/\/boards-beans.com\/fr\/wp-json\/wp\/v2\/pages\/4253","targetHints":{"allow":["GET"]}}],"collection":[{"href":"https:\/\/boards-beans.com\/fr\/wp-json\/wp\/v2\/pages"}],"about":[{"href":"https:\/\/boards-beans.com\/fr\/wp-json\/wp\/v2\/types\/page"}],"author":[{"embeddable":true,"href":"https:\/\/boards-beans.com\/fr\/wp-json\/wp\/v2\/users\/1"}],"replies":[{"embeddable":true,"href":"https:\/\/boards-beans.com\/fr\/wp-json\/wp\/v2\/comments?post=4253"}],"version-history":[{"count":2,"href":"https:\/\/boards-beans.com\/fr\/wp-json\/wp\/v2\/pages\/4253\/revisions"}],"predecessor-version":[{"id":4255,"href":"https:\/\/boards-beans.com\/fr\/wp-json\/wp\/v2\/pages\/4253\/revisions\/4255"}],"wp:attachment":[{"href":"https:\/\/boards-beans.com\/fr\/wp-json\/wp\/v2\/media?parent=4253"}],"curies":[{"name":"wp","href":"https:\/\/api.w.org\/{rel}","templated":true}]}}