{"id":4339,"date":"2024-08-12T12:49:28","date_gmt":"2024-08-12T10:49:28","guid":{"rendered":"https:\/\/boards-beans.com\/service-de-gravure\/"},"modified":"2026-03-18T12:44:54","modified_gmt":"2026-03-18T11:44:54","slug":"service-de-gravure","status":"publish","type":"page","link":"https:\/\/boards-beans.com\/fr\/service-de-gravure\/","title":{"rendered":"Service de gravure"},"content":{"rendered":"\n<div class=\"wp-block-uagb-container uagb-block-b9b9f3ba alignfull uagb-is-root-container\"><div class=\"uagb-container-inner-blocks-wrap\">\n<div class=\"wp-block-uagb-container uagb-block-a9ab6ca1\">\n<div class=\"wp-block-uagb-advanced-heading uagb-block-1888403a\"><h6 class=\"uagb-heading-text\">Boards &amp; Beans<\/h6><\/div>\n\n\n\n<div class=\"wp-block-uagb-advanced-heading uagb-block-bdaa615f\"><h1 class=\"uagb-heading-text\">Faire graver des planches ap\u00e9ritives<\/h1><\/div>\n<\/div>\n<\/div><\/div>\n\n<div class=\"wp-block-uagb-container uagb-block-atg5jmwb alignfull uagb-is-root-container\"><div class=\"uagb-container-inner-blocks-wrap\">\n<div class=\"wp-block-uagb-info-box uagb-block-n0rwu1bt uagb-infobox__content-wrap  uagb-infobox-icon-above-title uagb-infobox-image-valign-top\"><div class=\"uagb-ifb-content\"><div class=\"uagb-ifb-title-wrap\"><h2 class=\"uagb-ifb-title\">Notre service de gravure<\/h2><\/div><\/div><\/div>\n\n\n\n<div class=\"wp-block-uagb-container uagb-block-tg0twcef\">\n<div class=\"wp-block-uagb-info-box uagb-block-wop9yfan uagb-infobox__content-wrap  uagb-infobox-icon-above-title uagb-infobox-image-valign-top\"><div class=\"uagb-ifb-content\"><div class=\"uagb-ifb-title-wrap\"><\/div><p class=\"uagb-ifb-desc\">Gr\u00e2ce \u00e0 l&rsquo;utilisation de diff\u00e9rentes machines de gravure laser, nous pouvons graver chaque planche ap\u00e9ritive de notre assortiment avec la plus haute pr\u00e9cision, qu&rsquo;il s&rsquo;agisse de quelques pi\u00e8ces ou de milliers d&rsquo;unit\u00e9s. Cela vous donne, en tant qu&rsquo;entreprise, la possibilit\u00e9 de graver un logo ou un message personnel sur l&rsquo;une de nos planches, ce qui les rend parfaitement adapt\u00e9es aux colis de No\u00ebl et aux cadeaux d&rsquo;affaires.  <\/p><\/div><\/div>\n\n\n\n<div class=\"wp-block-uagb-info-box uagb-block-bcfyxdwp uagb-infobox__content-wrap  uagb-infobox-icon-above-title uagb-infobox-image-valign-top\"><div class=\"uagb-ifb-content\"><div class=\"uagb-ifb-title-wrap\"><\/div><p class=\"uagb-ifb-desc\">Les co\u00fbts pour la gravure de nos planches ap\u00e9ritives en bois se composent de deux \u00e9l\u00e9ments : les frais de mise en service et le co\u00fbt par gravure.<br\/>Les frais de mise en service sont un montant fixe par commande. Ils comprennent, entre autres, le temps n\u00e9cessaire au r\u00e9glage des machines et \u00e0 la v\u00e9rification du motif \u00e0 graver. Les co\u00fbts par gravure d\u00e9pendent, quant \u00e0 eux, de la taille de la gravure.   <\/p><\/div><\/div>\n<\/div>\n<\/div><\/div>\n\n<div class=\"wp-block-uagb-container uagb-block-xbwzcgd7 alignfull uagb-is-root-container\"><div class=\"uagb-container-inner-blocks-wrap\">\n<div class=\"wp-block-uagb-container uagb-block-jqd8sedi\">\n<div class=\"wp-block-uagb-info-box uagb-block-buizfqbb uagb-infobox__content-wrap  uagb-infobox-icon-above-title uagb-infobox-image-valign-top\"><div class=\"uagb-ifb-content\"><div class=\"uagb-ifb-title-wrap\"><h2 class=\"uagb-ifb-title\">Aper\u00e7u des co\u00fbts<\/h2><\/div><\/div><\/div>\n<\/div>\n\n\n\n<div class=\"wp-block-uagb-container uagb-block-7ryxhpex\">\n<div class=\"wp-block-uagb-container uagb-block-disdqxwb\">\n<div class=\"wp-block-uagb-info-box uagb-block-bqkz7scb uagb-infobox__content-wrap  uagb-infobox-icon-above-title uagb-infobox-image-valign-top\"><div class=\"uagb-ifb-content\"><div class=\"uagb-ifb-title-wrap\"><p class=\"uagb-ifb-title-prefix\">01<\/p><h3 class=\"uagb-ifb-title\">Frais de mise en service<\/h3><\/div><p class=\"uagb-ifb-desc\">Pour notre service de gravure, nous appliquons des frais de mise en service. Il s&rsquo;agit de frais fixes identiques pour chaque commande, couvrant le temps de r\u00e9glage de la machine, l&rsquo;adaptation du design pour la gravure et la r\u00e9alisation d&rsquo;une \u00e9ventuelle gravure de test. Ces frais de mise en service s&rsquo;appliquent donc par motif\/planche.  <br\/><br\/>Nos frais de mise en service sont de 29 \u20ac par commande.<\/p><\/div><\/div>\n<\/div>\n\n\n\n<div class=\"wp-block-uagb-container uagb-block-xhgbo2b0\">\n<div class=\"wp-block-uagb-info-box uagb-block-5eb9wl5y uagb-infobox__content-wrap  uagb-infobox-icon-above-title uagb-infobox-image-valign-top\"><div class=\"uagb-ifb-content\"><div class=\"uagb-ifb-title-wrap\"><p class=\"uagb-ifb-title-prefix\">02<\/p><h3 class=\"uagb-ifb-title\">Co\u00fbt par gravure<\/h3><\/div><p class=\"uagb-ifb-desc\">Ces co\u00fbts d\u00e9pendent de la taille de la gravure :<br\/><\/p><\/div><\/div>\n\n\n\n<figure class=\"wp-block-table is-style-regular\"><table class=\"has-fixed-layout\" style=\"border-style:none;border-width:0px\"><tbody><tr><td><strong>Taille de la gravure<\/strong><\/td><td><strong>Co\u00fbt par unit\u00e9<\/strong><\/td><\/tr><tr><td>&lt; 25 cm\u00b2<\/td><td>\u20ac1,00<\/td><\/tr><tr><td>25-75 cm\u00b2<\/td><td>\u20ac1,25<\/td><\/tr><tr><td>75-125 cm\u00b2<\/td><td>\u20ac1,75<\/td><\/tr><tr><td>125 &#8211; 150 cm\u00b2<\/td><td>\u20ac2,25<\/td><\/tr><tr><td>150 &#8211; 200 cm\u00b2<\/td><td>\u20ac2,75<\/td><\/tr><tr><td>200 &#8211; 250 cm\u00b2<\/td><td>\u20ac3,50<\/td><\/tr><\/tbody><\/table><figcaption class=\"wp-element-caption\">Pour les gravures sup\u00e9rieures \u00e0 250 cm\u00b2, nous \u00e9tablissons volontiers un devis sur mesure.<\/figcaption><\/figure>\n<\/div>\n<\/div>\n<\/div><\/div>\n\n<div class=\"wp-block-uagb-container uagb-block-skrz8cse alignfull uagb-is-root-container\"><div class=\"uagb-container-inner-blocks-wrap\">\n<div class=\"wp-block-uagb-star-rating uagb-block-91cxyspe\"><div class=\"uag-star-rating\" title=\"4.5\/5\"><span class=\"uag-star\">\u2605<\/span><span class=\"uag-star\">\u2605<\/span><span class=\"uag-star\">\u2605<\/span><span class=\"uag-star\">\u2605<\/span><span class=\"uag-star\">\u2605<\/span><\/div><\/div>\n\n\n\n<div class=\"wp-block-uagb-info-box uagb-block-vvrswbwb uagb-infobox__content-wrap  uagb-infobox-icon-above-title uagb-infobox-image-valign-top\"><div class=\"uagb-ifb-content\"><div class=\"uagb-ifb-title-wrap\"><p class=\"uagb-ifb-title\">Service exceptionnel ! Cette entreprise se surpasse pour r\u00e9pondre aux besoins de ses clients. Je ne pourrais pas \u00eatre plus satisfait du r\u00e9sultat.  <\/p><\/div><\/div><\/div>\n\n\n\n<div class=\"wp-block-uagb-info-box uagb-block-axlc1luo uagb-infobox__content-wrap  uagb-infobox-icon-above-title uagb-infobox-image-valign-top\"><div class=\"uagb-ifb-content\"><div class=\"uagb-ifb-image-content\"><img decoding=\"async\" src=\"https:\/\/boards-beans.com\/wp-content\/uploads\/2024\/08\/skip-testimonial-09.jpg\" alt=\"\" width=\"48\" height=\"48\" loading=\"lazy\"\/><\/div><div class=\"uagb-ifb-title-wrap\"><p class=\"uagb-ifb-title\">Client<\/p><\/div><\/div><\/div>\n<\/div><\/div>\n\n<div class=\"wp-block-uagb-container uagb-block-cslzaj9w alignfull uagb-is-root-container\"><div class=\"uagb-container-inner-blocks-wrap\">\n<div class=\"wp-block-uagb-info-box uagb-block-tinpezgn uagb-infobox__content-wrap  uagb-infobox-icon-above-title uagb-infobox-image-valign-top\"><div class=\"uagb-ifb-content\"><div class=\"uagb-ifb-title-wrap\"><h2 class=\"uagb-ifb-title\">Quelques-unes de nos cr\u00e9ations<\/h2><\/div><p class=\"uagb-ifb-desc\">Un aper\u00e7u concis des commandes que nous avons eu le plaisir de r\u00e9aliser.<\/p><\/div><\/div>\n\n\n\n<div class=\"wp-block-uagb-container uagb-layout-grid uagb-block-dokgdmnw\">\n<div class=\"wp-block-uagb-image alignleft uagb-block-j8jgapaw wp-block-uagb-image--layout-default wp-block-uagb-image--effect-static wp-block-uagb-image--align-left\"><figure class=\"wp-block-uagb-image__figure\"><img decoding=\"async\" srcset=\"https:\/\/boards-beans.com\/wp-content\/uploads\/2024\/08\/IMG_06221-1024x1024.jpg ,https:\/\/boards-beans.com\/wp-content\/uploads\/2024\/08\/IMG_06221-scaled.jpg 780w, https:\/\/boards-beans.com\/wp-content\/uploads\/2024\/08\/IMG_06221-scaled.jpg 360w\" sizes=\"auto, (max-width: 480px) 150px\" src=\"https:\/\/boards-beans.com\/wp-content\/uploads\/2024\/08\/IMG_06221-1024x1024.jpg\" alt=\"\" class=\"uag-image-2969\" width=\"384\" height=\"384\" title=\"IMG_0622(1)\" loading=\"lazy\" role=\"img\"><\/figure><\/div>\n\n\n\n<div class=\"wp-block-uagb-image alignleft uagb-block-dqd0z0qt wp-block-uagb-image--layout-default wp-block-uagb-image--effect-static wp-block-uagb-image--align-left\"><figure class=\"wp-block-uagb-image__figure\"><img decoding=\"async\" srcset=\"https:\/\/boards-beans.com\/wp-content\/uploads\/2024\/08\/IMG_1240-1024x1024.jpg ,https:\/\/boards-beans.com\/wp-content\/uploads\/2024\/08\/IMG_1240-scaled.jpg 780w, https:\/\/boards-beans.com\/wp-content\/uploads\/2024\/08\/IMG_1240-scaled.jpg 360w\" sizes=\"auto, (max-width: 480px) 150px\" src=\"https:\/\/boards-beans.com\/wp-content\/uploads\/2024\/08\/IMG_1240-1024x1024.jpg\" alt=\"\" class=\"uag-image-2973\" width=\"384\" height=\"384\" title=\"IMG_1240\" loading=\"lazy\" role=\"img\"><\/figure><\/div>\n\n\n\n<div class=\"wp-block-uagb-image alignleft uagb-block-5ruwuk6a wp-block-uagb-image--layout-default wp-block-uagb-image--effect-static wp-block-uagb-image--align-left\"><figure class=\"wp-block-uagb-image__figure\"><img decoding=\"async\" srcset=\"https:\/\/boards-beans.com\/wp-content\/uploads\/2024\/08\/IMG_1995-1024x1024.jpg ,https:\/\/boards-beans.com\/wp-content\/uploads\/2024\/08\/IMG_1995-scaled.jpg 780w, https:\/\/boards-beans.com\/wp-content\/uploads\/2024\/08\/IMG_1995-scaled.jpg 360w\" sizes=\"auto, (max-width: 480px) 150px\" src=\"https:\/\/boards-beans.com\/wp-content\/uploads\/2024\/08\/IMG_1995-1024x1024.jpg\" alt=\"\" class=\"uag-image-2977\" width=\"384\" height=\"384\" title=\"IMG_1995\" loading=\"lazy\" role=\"img\"><\/figure><\/div>\n\n\n\n<div class=\"wp-block-uagb-image alignleft uagb-block-vmihjxeg wp-block-uagb-image--layout-default wp-block-uagb-image--effect-static wp-block-uagb-image--align-left\"><figure class=\"wp-block-uagb-image__figure\"><img decoding=\"async\" srcset=\"https:\/\/boards-beans.com\/wp-content\/uploads\/2024\/08\/IMG_2568-768x1024.jpg ,https:\/\/boards-beans.com\/wp-content\/uploads\/2024\/08\/IMG_2568-scaled.jpg 780w, https:\/\/boards-beans.com\/wp-content\/uploads\/2024\/08\/IMG_2568-scaled.jpg 360w\" sizes=\"auto, (max-width: 480px) 150px\" src=\"https:\/\/boards-beans.com\/wp-content\/uploads\/2024\/08\/IMG_2568-768x1024.jpg\" alt=\"\" class=\"uag-image-2981\" width=\"384\" height=\"384\" title=\"IMG_2568\" loading=\"lazy\" role=\"img\"><\/figure><\/div>\n\n\n\n<div class=\"wp-block-uagb-image alignleft uagb-block-5r2uq0n6 wp-block-uagb-image--layout-default wp-block-uagb-image--effect-static wp-block-uagb-image--align-left\"><figure class=\"wp-block-uagb-image__figure\"><img decoding=\"async\" srcset=\"https:\/\/boards-beans.com\/wp-content\/uploads\/2023\/12\/IMG_1036-PhotoRoom-e1687358336674-1024x1024.webp ,https:\/\/boards-beans.com\/wp-content\/uploads\/2023\/12\/IMG_1036-PhotoRoom-e1687358336674.webp 780w, https:\/\/boards-beans.com\/wp-content\/uploads\/2023\/12\/IMG_1036-PhotoRoom-e1687358336674.webp 360w\" sizes=\"auto, (max-width: 480px) 150px\" src=\"https:\/\/boards-beans.com\/wp-content\/uploads\/2023\/12\/IMG_1036-PhotoRoom-e1687358336674-1024x1024.webp\" alt=\"\" class=\"uag-image-2149\" width=\"384\" height=\"384\" title=\"IMG_1036-PhotoRoom-e1687358336674.webp\" loading=\"lazy\" role=\"img\"><\/figure><\/div>\n\n\n\n<div class=\"wp-block-uagb-image alignleft uagb-block-kah79ik9 wp-block-uagb-image--layout-default wp-block-uagb-image--effect-static wp-block-uagb-image--align-left\"><figure class=\"wp-block-uagb-image__figure\"><img decoding=\"async\" srcset=\"https:\/\/boards-beans.com\/wp-content\/uploads\/2024\/08\/IMG_0923-1024x1024.jpg ,https:\/\/boards-beans.com\/wp-content\/uploads\/2024\/08\/IMG_0923-scaled.jpg 780w, https:\/\/boards-beans.com\/wp-content\/uploads\/2024\/08\/IMG_0923-scaled.jpg 360w\" sizes=\"auto, (max-width: 480px) 150px\" src=\"https:\/\/boards-beans.com\/wp-content\/uploads\/2024\/08\/IMG_0923-1024x1024.jpg\" alt=\"\" class=\"uag-image-2985\" width=\"384\" height=\"384\" title=\"IMG_0923\" loading=\"lazy\" role=\"img\"><\/figure><\/div>\n<\/div>\n<\/div><\/div>\n\n<div class=\"wp-block-uagb-container uagb-block-pscgkiat alignfull uagb-is-root-container\"><div class=\"uagb-container-inner-blocks-wrap\">\n<div class=\"wp-block-uagb-info-box uagb-block-udwppfgh uagb-infobox__content-wrap  uagb-infobox-icon-above-title uagb-infobox-image-valign-top\"><div class=\"uagb-ifb-content\"><div class=\"uagb-ifb-title-wrap\"><p class=\"uagb-ifb-title-prefix\">Demander un devis d\u00e8s maintenant<\/p><h2 class=\"uagb-ifb-title\">Curieux de savoir ce que nous pouvons faire l&rsquo;un pour l&rsquo;autre ?<\/h2><\/div><p class=\"uagb-ifb-desc\">Vous \u00eates \u00e0 la recherche du partenaire id\u00e9al pour vos cadeaux d&rsquo;affaires ou vous \u00eates curieux de d\u00e9couvrir tout ce que nous avons \u00e0 offrir ? N&rsquo;h\u00e9sitez pas \u00e0 nous contacter, c&rsquo;est enti\u00e8rement sans engagement. <\/p><\/div><\/div>\n\n\n\n<div class=\"wp-block-uagb-buttons uagb-buttons__outer-wrap uagb-btn__default-btn uagb-btn-tablet__default-btn uagb-btn-mobile__default-btn uagb-block-ktiffw8j\"><div class=\"uagb-buttons__wrap uagb-buttons-layout-wrap \">\n<div class=\"wp-block-uagb-buttons-child uagb-buttons__outer-wrap uagb-block-114qs0vz wp-block-button\"><div class=\"uagb-button__wrapper\"><a class=\"uagb-buttons-repeater wp-block-button__link\" aria-label=\"\" href=\"https:\/\/boards-beans.com\/fr\/contact\/\" rel=\"follow noopener\" target=\"_self\" role=\"button\"><div class=\"uagb-button__link\">Prendre contact<\/div><\/a><\/div><\/div>\n<\/div><\/div>\n<\/div><\/div>\n","protected":false},"excerpt":{"rendered":"<p>Boards &amp; Beans Faire graver des planches ap\u00e9ritives Taille de la gravure Co\u00fbt par unit\u00e9 &lt; 25 cm\u00b2 \u20ac1,00 25-75 cm\u00b2 \u20ac1,25 75-125 cm\u00b2 \u20ac1,75 125 &#8211; 150 cm\u00b2 \u20ac2,25 150 &#8211; 200 cm\u00b2 \u20ac2,75 200 &#8211; 250 cm\u00b2 \u20ac3,50 Pour les gravures sup\u00e9rieures \u00e0 250 cm\u00b2, nous \u00e9tablissons volontiers un devis sur mesure.<\/p>\n","protected":false},"author":1,"featured_media":0,"parent":0,"menu_order":0,"comment_status":"closed","ping_status":"closed","template":"","meta":{"_uag_custom_page_level_css":"","site-sidebar-layout":"default","site-content-layout":"","ast-site-content-layout":"full-width-container","site-content-style":"default","site-sidebar-style":"default","ast-global-header-display":"","ast-banner-title-visibility":"","ast-main-header-display":"","ast-hfb-above-header-display":"","ast-hfb-below-header-display":"","ast-hfb-mobile-header-display":"","site-post-title":"","ast-breadcrumbs-content":"","ast-featured-img":"","footer-sml-layout":"","theme-transparent-header-meta":"","adv-header-id-meta":"","stick-header-meta":"","header-above-stick-meta":"","header-main-stick-meta":"","header-below-stick-meta":"","astra-migrate-meta-layouts":"default","ast-page-background-enabled":"default","ast-page-background-meta":{"desktop":{"background-color":"var(--ast-global-color-4)","background-image":"","background-repeat":"repeat","background-position":"center center","background-size":"auto","background-attachment":"scroll","background-type":"","background-media":"","overlay-type":"","overlay-color":"","overlay-opacity":"","overlay-gradient":""},"tablet":{"background-color":"","background-image":"","background-repeat":"repeat","background-position":"center center","background-size":"auto","background-attachment":"scroll","background-type":"","background-media":"","overlay-type":"","overlay-color":"","overlay-opacity":"","overlay-gradient":""},"mobile":{"background-color":"","background-image":"","background-repeat":"repeat","background-position":"center center","background-size":"auto","background-attachment":"scroll","background-type":"","background-media":"","overlay-type":"","overlay-color":"","overlay-opacity":"","overlay-gradient":""}},"ast-content-background-meta":{"desktop":{"background-color":"var(--ast-global-color-5)","background-image":"","background-repeat":"repeat","background-position":"center center","background-size":"auto","background-attachment":"scroll","background-type":"","background-media":"","overlay-type":"","overlay-color":"","overlay-opacity":"","overlay-gradient":""},"tablet":{"background-color":"var(--ast-global-color-5)","background-image":"","background-repeat":"repeat","background-position":"center center","background-size":"auto","background-attachment":"scroll","background-type":"","background-media":"","overlay-type":"","overlay-color":"","overlay-opacity":"","overlay-gradient":""},"mobile":{"background-color":"var(--ast-global-color-5)","background-image":"","background-repeat":"repeat","background-position":"center center","background-size":"auto","background-attachment":"scroll","background-type":"","background-media":"","overlay-type":"","overlay-color":"","overlay-opacity":"","overlay-gradient":""}},"footnotes":""},"class_list":["post-4339","page","type-page","status-publish","hentry"],"uagb_featured_image_src":{"full":false,"thumbnail":false,"medium":false,"medium_large":false,"large":false,"1536x1536":false,"2048x2048":false,"woocommerce_thumbnail":false,"woocommerce_single":false,"woocommerce_gallery_thumbnail":false},"uagb_author_info":{"display_name":"boardsbeans","author_link":"https:\/\/boards-beans.com\/fr\/author\/boardsbeans\/"},"uagb_comment_info":0,"uagb_excerpt":"Boards &amp; Beans Faire graver des planches ap\u00e9ritives Taille de la gravure Co\u00fbt par unit\u00e9 &lt; 25 cm\u00b2 \u20ac1,00 25-75 cm\u00b2 \u20ac1,25 75-125 cm\u00b2 \u20ac1,75 125 &#8211; 150 cm\u00b2 \u20ac2,25 150 &#8211; 200 cm\u00b2 \u20ac2,75 200 &#8211; 250 cm\u00b2 \u20ac3,50 Pour les gravures sup\u00e9rieures \u00e0 250 cm\u00b2, nous \u00e9tablissons volontiers un devis sur mesure.","_links":{"self":[{"href":"https:\/\/boards-beans.com\/fr\/wp-json\/wp\/v2\/pages\/4339","targetHints":{"allow":["GET"]}}],"collection":[{"href":"https:\/\/boards-beans.com\/fr\/wp-json\/wp\/v2\/pages"}],"about":[{"href":"https:\/\/boards-beans.com\/fr\/wp-json\/wp\/v2\/types\/page"}],"author":[{"embeddable":true,"href":"https:\/\/boards-beans.com\/fr\/wp-json\/wp\/v2\/users\/1"}],"replies":[{"embeddable":true,"href":"https:\/\/boards-beans.com\/fr\/wp-json\/wp\/v2\/comments?post=4339"}],"version-history":[{"count":3,"href":"https:\/\/boards-beans.com\/fr\/wp-json\/wp\/v2\/pages\/4339\/revisions"}],"predecessor-version":[{"id":4342,"href":"https:\/\/boards-beans.com\/fr\/wp-json\/wp\/v2\/pages\/4339\/revisions\/4342"}],"wp:attachment":[{"href":"https:\/\/boards-beans.com\/fr\/wp-json\/wp\/v2\/media?parent=4339"}],"curies":[{"name":"wp","href":"https:\/\/api.w.org\/{rel}","templated":true}]}}