{"id":3699,"date":"2025-09-29T15:10:12","date_gmt":"2025-09-29T13:10:12","guid":{"rendered":"https:\/\/boards-beans.com\/?post_type=product&#038;p=3699"},"modified":"2026-04-01T12:28:34","modified_gmt":"2026-04-01T10:28:34","slug":"planche-a-tapas-50-x-14-cm","status":"publish","type":"product","link":"https:\/\/boards-beans.com\/fr\/produit\/planche-a-tapas-50-x-14-cm\/","title":{"rendered":"Planche \u00e0 tapas 50 x 14 cm"},"content":{"rendered":"<p>Cette \u00e9l\u00e9gante et polyvalente planche \u00e0 tapas en h\u00eatre de haute qualit\u00e9 est parfaite pour pr\u00e9senter avec style des amuse-bouches, fromages et tapas. Avec un format de 50 x 14 cm, la planche a un design fin, mais elle est id\u00e9ale pour servir des tapas. La poign\u00e9e ergonomique et la solide cordelette en jute permettent de la manipuler et de la suspendre facilement.  <\/p>\n<p>La planche est fabriqu\u00e9e en h\u00eatre durable et finie avec un rev\u00eatement d\u2019huile alimentaire, offrant une protection suppl\u00e9mentaire et une longue dur\u00e9e de vie. Gr\u00e2ce \u00e0 son design intemporel et minimaliste, la planche est facile \u00e0 nettoyer et polyvalente dans son utilisation. Un magnifique ajout \u00e0 toute cuisine ou table d\u2019ap\u00e9ritif, parfait pour un usage quotidien ou comme cadeau \u00e9l\u00e9gant !  <\/p>\n","protected":false},"excerpt":{"rendered":"<p>Cette \u00e9l\u00e9gante et polyvalente planche \u00e0 tapas en h\u00eatre de haute qualit\u00e9 est parfaite pour pr\u00e9senter avec style des amuse-bouches, fromages et tapas. Avec un format de 50 x 14 cm, la planche a un design fin, mais elle est id\u00e9ale pour servir des tapas. La poign\u00e9e ergonomique et la solide cordelette en jute permettent [&hellip;]<\/p>\n","protected":false},"featured_media":4078,"template":"","meta":{"_uag_custom_page_level_css":"","site-sidebar-layout":"default","site-content-layout":"default","ast-site-content-layout":"default","site-content-style":"default","site-sidebar-style":"default","ast-global-header-display":"","ast-banner-title-visibility":"","ast-main-header-display":"","ast-hfb-above-header-display":"","ast-hfb-below-header-display":"","ast-hfb-mobile-header-display":"","site-post-title":"","ast-breadcrumbs-content":"","ast-featured-img":"","footer-sml-layout":"","theme-transparent-header-meta":"default","adv-header-id-meta":"","stick-header-meta":"","header-above-stick-meta":"","header-main-stick-meta":"","header-below-stick-meta":"","astra-migrate-meta-layouts":"set","ast-page-background-enabled":"default","ast-page-background-meta":{"desktop":{"background-color":"var(--ast-global-color-4)","background-image":"","background-repeat":"repeat","background-position":"center center","background-size":"auto","background-attachment":"scroll","background-type":"","background-media":"","overlay-type":"","overlay-color":"","overlay-opacity":"","overlay-gradient":""},"tablet":{"background-color":"","background-image":"","background-repeat":"repeat","background-position":"center center","background-size":"auto","background-attachment":"scroll","background-type":"","background-media":"","overlay-type":"","overlay-color":"","overlay-opacity":"","overlay-gradient":""},"mobile":{"background-color":"","background-image":"","background-repeat":"repeat","background-position":"center center","background-size":"auto","background-attachment":"scroll","background-type":"","background-media":"","overlay-type":"","overlay-color":"","overlay-opacity":"","overlay-gradient":""}},"ast-content-background-meta":{"desktop":{"background-color":"var(--ast-global-color-5)","background-image":"","background-repeat":"repeat","background-position":"center center","background-size":"auto","background-attachment":"scroll","background-type":"","background-media":"","overlay-type":"","overlay-color":"","overlay-opacity":"","overlay-gradient":""},"tablet":{"background-color":"var(--ast-global-color-5)","background-image":"","background-repeat":"repeat","background-position":"center center","background-size":"auto","background-attachment":"scroll","background-type":"","background-media":"","overlay-type":"","overlay-color":"","overlay-opacity":"","overlay-gradient":""},"mobile":{"background-color":"var(--ast-global-color-5)","background-image":"","background-repeat":"repeat","background-position":"center center","background-size":"auto","background-attachment":"scroll","background-type":"","background-media":"","overlay-type":"","overlay-color":"","overlay-opacity":"","overlay-gradient":""}}},"product_brand":[],"product_cat":[40],"product_tag":[],"class_list":{"0":"post-3699","1":"product","2":"type-product","3":"status-publish","4":"has-post-thumbnail","6":"product_cat-planches-a-decouper","7":"desktop-align-left","8":"tablet-align-left","9":"mobile-align-left","11":"first","12":"instock","13":"taxable","14":"shipping-taxable","15":"product-type-simple"},"uagb_featured_image_src":{"full":["https:\/\/boards-beans.com\/wp-content\/uploads\/DSC00259-scaled.jpg",2560,2560,false],"thumbnail":["https:\/\/boards-beans.com\/wp-content\/uploads\/DSC00259-150x150.jpg",150,150,true],"medium":["https:\/\/boards-beans.com\/wp-content\/uploads\/DSC00259-300x300.jpg",300,300,true],"medium_large":["https:\/\/boards-beans.com\/wp-content\/uploads\/DSC00259-768x768.jpg",768,768,true],"large":["https:\/\/boards-beans.com\/wp-content\/uploads\/DSC00259-1024x1024.jpg",1024,1024,true],"1536x1536":["https:\/\/boards-beans.com\/wp-content\/uploads\/DSC00259-1536x1536.jpg",1536,1536,true],"2048x2048":["https:\/\/boards-beans.com\/wp-content\/uploads\/DSC00259-2048x2048.jpg",2048,2048,true],"woocommerce_thumbnail":["https:\/\/boards-beans.com\/wp-content\/uploads\/DSC00259-800x800.jpg",800,800,true],"woocommerce_single":["https:\/\/boards-beans.com\/wp-content\/uploads\/DSC00259-800x800.jpg",800,800,true],"woocommerce_gallery_thumbnail":["https:\/\/boards-beans.com\/wp-content\/uploads\/DSC00259-100x100.jpg",100,100,true]},"uagb_author_info":{"display_name":"boardsbeans","author_link":"https:\/\/boards-beans.com\/fr\/author\/"},"uagb_comment_info":0,"uagb_excerpt":"Cette \u00e9l\u00e9gante et polyvalente planche \u00e0 tapas en h\u00eatre de haute qualit\u00e9 est parfaite pour pr\u00e9senter avec style des amuse-bouches, fromages et tapas. Avec un format de 50 x 14 cm, la planche a un design fin, mais elle est id\u00e9ale pour servir des tapas. La poign\u00e9e ergonomique et la solide cordelette en jute permettent\u2026","_links":{"self":[{"href":"https:\/\/boards-beans.com\/fr\/wp-json\/wp\/v2\/product\/3699","targetHints":{"allow":["GET"]}}],"collection":[{"href":"https:\/\/boards-beans.com\/fr\/wp-json\/wp\/v2\/product"}],"about":[{"href":"https:\/\/boards-beans.com\/fr\/wp-json\/wp\/v2\/types\/product"}],"wp:featuredmedia":[{"embeddable":true,"href":"https:\/\/boards-beans.com\/fr\/wp-json\/wp\/v2\/media\/4078"}],"wp:attachment":[{"href":"https:\/\/boards-beans.com\/fr\/wp-json\/wp\/v2\/media?parent=3699"}],"wp:term":[{"taxonomy":"product_brand","embeddable":true,"href":"https:\/\/boards-beans.com\/fr\/wp-json\/wp\/v2\/product_brand?post=3699"},{"taxonomy":"product_cat","embeddable":true,"href":"https:\/\/boards-beans.com\/fr\/wp-json\/wp\/v2\/product_cat?post=3699"},{"taxonomy":"product_tag","embeddable":true,"href":"https:\/\/boards-beans.com\/fr\/wp-json\/wp\/v2\/product_tag?post=3699"}],"curies":[{"name":"wp","href":"https:\/\/api.w.org\/{rel}","templated":true}]}}